{"id":1982,"date":"2019-07-11T11:11:17","date_gmt":"2019-07-11T09:11:17","guid":{"rendered":"http:\/\/isitsalumi.flywheelsites.com\/contatti\/"},"modified":"2020-01-07T15:47:00","modified_gmt":"2020-01-07T14:47:00","slug":"contatti","status":"publish","type":"page","link":"https:\/\/salumitalia.it\/fr\/contatti\/","title":{"rendered":"Contatti"},"content":{"rendered":"<h2 class=\"blue\">ISIT<\/h2>\n<h4 class=\"blue\">Istituto Salumi Italiani Tutelati<\/h4>\n<p>Strada 4, Palazzo Q8<br \/>\n20089 Rozzano<br \/>\nMilanofiori (MI)<\/p>\n<p><strong>Tel:<\/strong> <a href=\"tel:0039028925901\">02 8925901<\/a><br \/>\n<strong>Fax:<\/strong> 02 57510607<\/p>\n<hr \/>\n<p><em>Num\u00e9ro de TVA 12852810154 &#8211; Enregistr\u00e9 aupr\u00e8s du tribunal de Milan 150844 REA 1589754<\/em><\/p>\n<p><strong>E-mail:<\/strong><a href=\"mailto:info@isitsalumi.it\"> info@isitsalumi.it<\/a><br \/>\n<strong>PEC:<\/strong> <a href=\"mailto:isit@promopec.it\">isit@promopec.it<\/a><\/p>\n","protected":false},"excerpt":{"rendered":"<p>ISIT Istituto Salumi Italiani Tutelati Strada 4, Palazzo Q8 20089 Rozzano Milanofiori (MI) Tel: 02 8925901 Fax: 02 57510607 Num\u00e9ro de TVA 12852810154 &#8211; Enregistr\u00e9 aupr\u00e8s du tribunal de Milan 150844 REA 1589754 E-mail: info@isitsalumi.it PEC: isit@promopec.it<\/p>\n","protected":false},"author":2,"featured_media":0,"parent":0,"menu_order":0,"comment_status":"closed","ping_status":"closed","template":"templates\/contacts.php","meta":{"_acf_changed":false,"footnotes":""},"class_list":["post-1982","page","type-page","status-publish","hentry"],"acf":[],"yoast_head":"<!-- This site is optimized with the Yoast SEO plugin v24.8.1 - https:\/\/yoast.com\/wordpress\/plugins\/seo\/ -->\n<title>Salumi Italia - Contatti<\/title>\n<meta name=\"robots\" content=\"index, follow, max-snippet:-1, max-image-preview:large, max-video-preview:-1\" \/>\n<link rel=\"canonical\" href=\"https:\/\/salumitalia.it\/fr\/contatti\/\" \/>\n<meta property=\"og:locale\" content=\"fr_FR\" \/>\n<meta property=\"og:type\" content=\"article\" \/>\n<meta property=\"og:title\" content=\"Salumi Italia - Contatti\" \/>\n<meta property=\"og:description\" content=\"ISIT Istituto Salumi Italiani Tutelati Strada 4, Palazzo Q8 20089 Rozzano Milanofiori (MI) Tel: 02 8925901 Fax: 02 57510607 Num\u00e9ro de TVA 12852810154 &#8211; Enregistr\u00e9 aupr\u00e8s du tribunal de Milan 150844 REA 1589754 E-mail: info@isitsalumi.it PEC: isit@promopec.it\" \/>\n<meta property=\"og:url\" content=\"https:\/\/salumitalia.it\/fr\/contatti\/\" \/>\n<meta property=\"og:site_name\" content=\"Salumi Italia\" \/>\n<meta property=\"article:modified_time\" content=\"2020-01-07T14:47:00+00:00\" \/>\n<meta name=\"twitter:card\" content=\"summary_large_image\" \/>\n<script type=\"application\/ld+json\" class=\"yoast-schema-graph\">{\"@context\":\"https:\/\/schema.org\",\"@graph\":[{\"@type\":\"WebPage\",\"@id\":\"https:\/\/salumitalia.it\/fr\/contatti\/\",\"url\":\"https:\/\/salumitalia.it\/fr\/contatti\/\",\"name\":\"Salumi Italia - Contatti\",\"isPartOf\":{\"@id\":\"https:\/\/salumitalia.it\/#website\"},\"datePublished\":\"2019-07-11T09:11:17+00:00\",\"dateModified\":\"2020-01-07T14:47:00+00:00\",\"breadcrumb\":{\"@id\":\"https:\/\/salumitalia.it\/fr\/contatti\/#breadcrumb\"},\"inLanguage\":\"fr-FR\",\"potentialAction\":[{\"@type\":\"ReadAction\",\"target\":[\"https:\/\/salumitalia.it\/fr\/contatti\/\"]}]},{\"@type\":\"BreadcrumbList\",\"@id\":\"https:\/\/salumitalia.it\/fr\/contatti\/#breadcrumb\",\"itemListElement\":[{\"@type\":\"ListItem\",\"position\":1,\"name\":\"Home\",\"item\":\"https:\/\/salumitalia.it\/fr\/\"},{\"@type\":\"ListItem\",\"position\":2,\"name\":\"Contatti\"}]},{\"@type\":\"WebSite\",\"@id\":\"https:\/\/salumitalia.it\/#website\",\"url\":\"https:\/\/salumitalia.it\/\",\"name\":\"Salumi Italia\",\"description\":\"\",\"potentialAction\":[{\"@type\":\"SearchAction\",\"target\":{\"@type\":\"EntryPoint\",\"urlTemplate\":\"https:\/\/salumitalia.it\/?s={search_term_string}\"},\"query-input\":{\"@type\":\"PropertyValueSpecification\",\"valueRequired\":true,\"valueName\":\"search_term_string\"}}],\"inLanguage\":\"fr-FR\"}]}<\/script>\n<!-- \/ Yoast SEO plugin. -->","yoast_head_json":{"title":"Salumi Italia - Contatti","robots":{"index":"index","follow":"follow","max-snippet":"max-snippet:-1","max-image-preview":"max-image-preview:large","max-video-preview":"max-video-preview:-1"},"canonical":"https:\/\/salumitalia.it\/fr\/contatti\/","og_locale":"fr_FR","og_type":"article","og_title":"Salumi Italia - Contatti","og_description":"ISIT Istituto Salumi Italiani Tutelati Strada 4, Palazzo Q8 20089 Rozzano Milanofiori (MI) Tel: 02 8925901 Fax: 02 57510607 Num\u00e9ro de TVA 12852810154 &#8211; Enregistr\u00e9 aupr\u00e8s du tribunal de Milan 150844 REA 1589754 E-mail: info@isitsalumi.it PEC: isit@promopec.it","og_url":"https:\/\/salumitalia.it\/fr\/contatti\/","og_site_name":"Salumi Italia","article_modified_time":"2020-01-07T14:47:00+00:00","twitter_card":"summary_large_image","schema":{"@context":"https:\/\/schema.org","@graph":[{"@type":"WebPage","@id":"https:\/\/salumitalia.it\/fr\/contatti\/","url":"https:\/\/salumitalia.it\/fr\/contatti\/","name":"Salumi Italia - Contatti","isPartOf":{"@id":"https:\/\/salumitalia.it\/#website"},"datePublished":"2019-07-11T09:11:17+00:00","dateModified":"2020-01-07T14:47:00+00:00","breadcrumb":{"@id":"https:\/\/salumitalia.it\/fr\/contatti\/#breadcrumb"},"inLanguage":"fr-FR","potentialAction":[{"@type":"ReadAction","target":["https:\/\/salumitalia.it\/fr\/contatti\/"]}]},{"@type":"BreadcrumbList","@id":"https:\/\/salumitalia.it\/fr\/contatti\/#breadcrumb","itemListElement":[{"@type":"ListItem","position":1,"name":"Home","item":"https:\/\/salumitalia.it\/fr\/"},{"@type":"ListItem","position":2,"name":"Contatti"}]},{"@type":"WebSite","@id":"https:\/\/salumitalia.it\/#website","url":"https:\/\/salumitalia.it\/","name":"Salumi Italia","description":"","potentialAction":[{"@type":"SearchAction","target":{"@type":"EntryPoint","urlTemplate":"https:\/\/salumitalia.it\/?s={search_term_string}"},"query-input":{"@type":"PropertyValueSpecification","valueRequired":true,"valueName":"search_term_string"}}],"inLanguage":"fr-FR"}]}},"_links":{"self":[{"href":"https:\/\/salumitalia.it\/fr\/wp-json\/wp\/v2\/pages\/1982","targetHints":{"allow":["GET"]}}],"collection":[{"href":"https:\/\/salumitalia.it\/fr\/wp-json\/wp\/v2\/pages"}],"about":[{"href":"https:\/\/salumitalia.it\/fr\/wp-json\/wp\/v2\/types\/page"}],"author":[{"embeddable":true,"href":"https:\/\/salumitalia.it\/fr\/wp-json\/wp\/v2\/users\/2"}],"replies":[{"embeddable":true,"href":"https:\/\/salumitalia.it\/fr\/wp-json\/wp\/v2\/comments?post=1982"}],"version-history":[{"count":1,"href":"https:\/\/salumitalia.it\/fr\/wp-json\/wp\/v2\/pages\/1982\/revisions"}],"predecessor-version":[{"id":1983,"href":"https:\/\/salumitalia.it\/fr\/wp-json\/wp\/v2\/pages\/1982\/revisions\/1983"}],"wp:attachment":[{"href":"https:\/\/salumitalia.it\/fr\/wp-json\/wp\/v2\/media?parent=1982"}],"curies":[{"name":"wp","href":"https:\/\/api.w.org\/{rel}","templated":true}]}}