{"id":1881,"date":"2019-07-09T16:46:17","date_gmt":"2019-07-09T14:46:17","guid":{"rendered":"http:\/\/isitsalumi.flywheelsites.com\/attivita\/"},"modified":"2020-03-04T11:47:38","modified_gmt":"2020-03-04T10:47:38","slug":"attivita","status":"publish","type":"page","link":"https:\/\/salumitalia.it\/fr\/attivita\/","title":{"rendered":"L&#8217;activit\u00e9"},"content":{"rendered":"<h2>L\u2019ACTIVIT\u00c9<\/h2>\n<p class=\"big\">L&#8217;ISIT soutient les consortiums au quotidien en offrant des conseils, des services et des initiatives de coordination strat\u00e9gique et op\u00e9rationnelle.<\/p>\n<p>La mission de l&#8217;ISIT est de promouvoir le d\u00e9veloppement du syst\u00e8me IG, de promouvoir et sauvegarder les produits, de d\u00e9fendre les noms enregistr\u00e9s, de promouvoir la connaissance et la valeur des certifications, d\u2019encourager une comparaison continue entre les consortiums, en favorisant des synergies constructives avec les Institutions de r\u00e9f\u00e9rence du secteur.<\/p>\n<p>C&#8217;est pourquoi l&#8217;ISIT entretient notamment des contacts permanents avec le Minist\u00e8re des Politiques Alimentaires, Agricoles et Foresti\u00e8res afin de partager les priorit\u00e9s strat\u00e9giques du secteur et de soutenir la politique de l\u2019identit\u00e9 g\u00e9ographique (IG) en tant que mod\u00e8le de production vertueux, expression d&#8217;un patrimoine agroalimentaire qui raconte et transmet \u00e9galement l&#8217;identit\u00e9 historique, culturelle et sociale des territoires d&#8217;origine.<\/p>\n<p>Concr\u00e8tement ISIT:<\/p>\n<ul>\n<li><strong>Promeut la confrontation et l&#8217;\u00e9change d&#8217;exp\u00e9riences entre les consortiums, <\/strong>en d\u00e9finissant des positions partag\u00e9es sur des questions d&#8217;int\u00e9r\u00eat commun.<\/li>\n<li>Effectue une <strong>repr\u00e9sentation collective<\/strong> aupr\u00e8s des organismes et institutions<\/li>\n<li><strong>Soutient la politique des IG<\/strong> au niveau national, europ\u00e9en et international, en collaboration avec les institutions et les grandes associations concern\u00e9es<\/li>\n<li><strong>Surveille l&#8217;\u00e9volution r\u00e9glementaire et \u00e9conomique<\/strong> du secteur.<\/li>\n<li>Soutient les consortiums par des activit\u00e9s de <strong>consultation et d&#8217;information<\/strong> sur les r\u00e9glementations et les questions li\u00e9es au secteur.<\/li>\n<li>Coordonne <strong>la surveillance<\/strong>, le contr\u00f4le du march\u00e9 et la sauvegarde des charcuteries AOP et IGP.<\/li>\n<li>Coordonne les activit\u00e9s du <strong>Bureau de presse<\/strong> int\u00e9gr\u00e9 pour les diff\u00e9rents consortiums membres de l&#8217;Institut.<\/li>\n<li>Promeut et met en \u0153uvre des initiatives <strong>d&#8217;information<\/strong>, de <strong>communication<\/strong> et de <strong>valorisation<\/strong> de <strong>l&#8217;image et de la qualit\u00e9 des charcuteries prot\u00e9g\u00e9es<\/strong>, destin\u00e9es aux consommateurs ou \u00e0 des cibles sp\u00e9cifiques en synergie et en collaboration avec les consortiums.<\/li>\n<\/ul>\n","protected":false},"excerpt":{"rendered":"<p>L\u2019ACTIVIT\u00c9 L&#8217;ISIT soutient les consortiums au quotidien en offrant des conseils, des services et des initiatives de coordination strat\u00e9gique et op\u00e9rationnelle. La mission de l&#8217;ISIT est de promouvoir le d\u00e9veloppement du syst\u00e8me IG, de promouvoir et sauvegarder les produits, de d\u00e9fendre les noms enregistr\u00e9s, de promouvoir la connaissance et la valeur des certifications, d\u2019encourager une [&hellip;]<\/p>\n","protected":false},"author":2,"featured_media":6032,"parent":0,"menu_order":0,"comment_status":"closed","ping_status":"closed","template":"templates\/about.php","meta":{"_acf_changed":false,"footnotes":""},"class_list":["post-1881","page","type-page","status-publish","has-post-thumbnail","hentry"],"acf":[],"yoast_head":"<!-- This site is optimized with the Yoast SEO plugin v24.8.1 - https:\/\/yoast.com\/wordpress\/plugins\/seo\/ -->\n<title>Salumi Italia - L&#039;activit\u00e9<\/title>\n<meta name=\"robots\" content=\"index, follow, max-snippet:-1, max-image-preview:large, max-video-preview:-1\" \/>\n<link rel=\"canonical\" href=\"https:\/\/salumitalia.it\/fr\/attivita\/\" \/>\n<meta property=\"og:locale\" content=\"fr_FR\" \/>\n<meta property=\"og:type\" content=\"article\" \/>\n<meta property=\"og:title\" content=\"Salumi Italia - L&#039;activit\u00e9\" \/>\n<meta property=\"og:description\" content=\"L\u2019ACTIVIT\u00c9 L&#8217;ISIT soutient les consortiums au quotidien en offrant des conseils, des services et des initiatives de coordination strat\u00e9gique et op\u00e9rationnelle. La mission de l&#8217;ISIT est de promouvoir le d\u00e9veloppement du syst\u00e8me IG, de promouvoir et sauvegarder les produits, de d\u00e9fendre les noms enregistr\u00e9s, de promouvoir la connaissance et la valeur des certifications, d\u2019encourager une [&hellip;]\" \/>\n<meta property=\"og:url\" content=\"https:\/\/salumitalia.it\/fr\/attivita\/\" \/>\n<meta property=\"og:site_name\" content=\"Salumi Italia\" \/>\n<meta property=\"article:modified_time\" content=\"2020-03-04T10:47:38+00:00\" \/>\n<meta property=\"og:image\" content=\"https:\/\/salumitalia.it\/wp-content\/uploads\/2020\/03\/Affettatrice.png\" \/>\n\t<meta property=\"og:image:width\" content=\"1006\" \/>\n\t<meta property=\"og:image:height\" content=\"1244\" \/>\n\t<meta property=\"og:image:type\" content=\"image\/png\" \/>\n<meta name=\"twitter:card\" content=\"summary_large_image\" \/>\n<meta name=\"twitter:label1\" content=\"Est. reading time\" \/>\n\t<meta name=\"twitter:data1\" content=\"2 minutes\" \/>\n<script type=\"application\/ld+json\" class=\"yoast-schema-graph\">{\"@context\":\"https:\/\/schema.org\",\"@graph\":[{\"@type\":\"WebPage\",\"@id\":\"https:\/\/salumitalia.it\/fr\/attivita\/\",\"url\":\"https:\/\/salumitalia.it\/fr\/attivita\/\",\"name\":\"Salumi Italia - L'activit\u00e9\",\"isPartOf\":{\"@id\":\"https:\/\/salumitalia.it\/#website\"},\"primaryImageOfPage\":{\"@id\":\"https:\/\/salumitalia.it\/fr\/attivita\/#primaryimage\"},\"image\":{\"@id\":\"https:\/\/salumitalia.it\/fr\/attivita\/#primaryimage\"},\"thumbnailUrl\":\"https:\/\/salumitalia.it\/wp-content\/uploads\/2025\/05\/eFOTO23.png\",\"datePublished\":\"2019-07-09T14:46:17+00:00\",\"dateModified\":\"2020-03-04T10:47:38+00:00\",\"breadcrumb\":{\"@id\":\"https:\/\/salumitalia.it\/fr\/attivita\/#breadcrumb\"},\"inLanguage\":\"fr-FR\",\"potentialAction\":[{\"@type\":\"ReadAction\",\"target\":[\"https:\/\/salumitalia.it\/fr\/attivita\/\"]}]},{\"@type\":\"ImageObject\",\"inLanguage\":\"fr-FR\",\"@id\":\"https:\/\/salumitalia.it\/fr\/attivita\/#primaryimage\",\"url\":\"https:\/\/salumitalia.it\/wp-content\/uploads\/2025\/05\/eFOTO23.png\",\"contentUrl\":\"https:\/\/salumitalia.it\/wp-content\/uploads\/2025\/05\/eFOTO23.png\",\"width\":1181,\"height\":1477},{\"@type\":\"BreadcrumbList\",\"@id\":\"https:\/\/salumitalia.it\/fr\/attivita\/#breadcrumb\",\"itemListElement\":[{\"@type\":\"ListItem\",\"position\":1,\"name\":\"Home\",\"item\":\"https:\/\/salumitalia.it\/fr\/\"},{\"@type\":\"ListItem\",\"position\":2,\"name\":\"L&rsquo;activit\u00e9\"}]},{\"@type\":\"WebSite\",\"@id\":\"https:\/\/salumitalia.it\/#website\",\"url\":\"https:\/\/salumitalia.it\/\",\"name\":\"Salumi Italia\",\"description\":\"\",\"potentialAction\":[{\"@type\":\"SearchAction\",\"target\":{\"@type\":\"EntryPoint\",\"urlTemplate\":\"https:\/\/salumitalia.it\/?s={search_term_string}\"},\"query-input\":{\"@type\":\"PropertyValueSpecification\",\"valueRequired\":true,\"valueName\":\"search_term_string\"}}],\"inLanguage\":\"fr-FR\"}]}<\/script>\n<!-- \/ Yoast SEO plugin. -->","yoast_head_json":{"title":"Salumi Italia - L'activit\u00e9","robots":{"index":"index","follow":"follow","max-snippet":"max-snippet:-1","max-image-preview":"max-image-preview:large","max-video-preview":"max-video-preview:-1"},"canonical":"https:\/\/salumitalia.it\/fr\/attivita\/","og_locale":"fr_FR","og_type":"article","og_title":"Salumi Italia - L'activit\u00e9","og_description":"L\u2019ACTIVIT\u00c9 L&#8217;ISIT soutient les consortiums au quotidien en offrant des conseils, des services et des initiatives de coordination strat\u00e9gique et op\u00e9rationnelle. La mission de l&#8217;ISIT est de promouvoir le d\u00e9veloppement du syst\u00e8me IG, de promouvoir et sauvegarder les produits, de d\u00e9fendre les noms enregistr\u00e9s, de promouvoir la connaissance et la valeur des certifications, d\u2019encourager une [&hellip;]","og_url":"https:\/\/salumitalia.it\/fr\/attivita\/","og_site_name":"Salumi Italia","article_modified_time":"2020-03-04T10:47:38+00:00","og_image":[{"width":1006,"height":1244,"url":"https:\/\/salumitalia.it\/wp-content\/uploads\/2020\/03\/Affettatrice.png","type":"image\/png"}],"twitter_card":"summary_large_image","twitter_misc":{"Est. reading time":"2 minutes"},"schema":{"@context":"https:\/\/schema.org","@graph":[{"@type":"WebPage","@id":"https:\/\/salumitalia.it\/fr\/attivita\/","url":"https:\/\/salumitalia.it\/fr\/attivita\/","name":"Salumi Italia - L'activit\u00e9","isPartOf":{"@id":"https:\/\/salumitalia.it\/#website"},"primaryImageOfPage":{"@id":"https:\/\/salumitalia.it\/fr\/attivita\/#primaryimage"},"image":{"@id":"https:\/\/salumitalia.it\/fr\/attivita\/#primaryimage"},"thumbnailUrl":"https:\/\/salumitalia.it\/wp-content\/uploads\/2025\/05\/eFOTO23.png","datePublished":"2019-07-09T14:46:17+00:00","dateModified":"2020-03-04T10:47:38+00:00","breadcrumb":{"@id":"https:\/\/salumitalia.it\/fr\/attivita\/#breadcrumb"},"inLanguage":"fr-FR","potentialAction":[{"@type":"ReadAction","target":["https:\/\/salumitalia.it\/fr\/attivita\/"]}]},{"@type":"ImageObject","inLanguage":"fr-FR","@id":"https:\/\/salumitalia.it\/fr\/attivita\/#primaryimage","url":"https:\/\/salumitalia.it\/wp-content\/uploads\/2025\/05\/eFOTO23.png","contentUrl":"https:\/\/salumitalia.it\/wp-content\/uploads\/2025\/05\/eFOTO23.png","width":1181,"height":1477},{"@type":"BreadcrumbList","@id":"https:\/\/salumitalia.it\/fr\/attivita\/#breadcrumb","itemListElement":[{"@type":"ListItem","position":1,"name":"Home","item":"https:\/\/salumitalia.it\/fr\/"},{"@type":"ListItem","position":2,"name":"L&rsquo;activit\u00e9"}]},{"@type":"WebSite","@id":"https:\/\/salumitalia.it\/#website","url":"https:\/\/salumitalia.it\/","name":"Salumi Italia","description":"","potentialAction":[{"@type":"SearchAction","target":{"@type":"EntryPoint","urlTemplate":"https:\/\/salumitalia.it\/?s={search_term_string}"},"query-input":{"@type":"PropertyValueSpecification","valueRequired":true,"valueName":"search_term_string"}}],"inLanguage":"fr-FR"}]}},"_links":{"self":[{"href":"https:\/\/salumitalia.it\/fr\/wp-json\/wp\/v2\/pages\/1881","targetHints":{"allow":["GET"]}}],"collection":[{"href":"https:\/\/salumitalia.it\/fr\/wp-json\/wp\/v2\/pages"}],"about":[{"href":"https:\/\/salumitalia.it\/fr\/wp-json\/wp\/v2\/types\/page"}],"author":[{"embeddable":true,"href":"https:\/\/salumitalia.it\/fr\/wp-json\/wp\/v2\/users\/2"}],"replies":[{"embeddable":true,"href":"https:\/\/salumitalia.it\/fr\/wp-json\/wp\/v2\/comments?post=1881"}],"version-history":[{"count":3,"href":"https:\/\/salumitalia.it\/fr\/wp-json\/wp\/v2\/pages\/1881\/revisions"}],"predecessor-version":[{"id":2322,"href":"https:\/\/salumitalia.it\/fr\/wp-json\/wp\/v2\/pages\/1881\/revisions\/2322"}],"wp:featuredmedia":[{"embeddable":true,"href":"https:\/\/salumitalia.it\/fr\/wp-json\/wp\/v2\/media\/6032"}],"wp:attachment":[{"href":"https:\/\/salumitalia.it\/fr\/wp-json\/wp\/v2\/media?parent=1881"}],"curies":[{"name":"wp","href":"https:\/\/api.w.org\/{rel}","templated":true}]}}