{"id":1876,"date":"2019-07-09T16:46:53","date_gmt":"2019-07-09T14:46:53","guid":{"rendered":"http:\/\/isitsalumi.flywheelsites.com\/valori-nutrizionali\/"},"modified":"2020-01-08T16:34:31","modified_gmt":"2020-01-08T15:34:31","slug":"valori-nutrizionali","status":"publish","type":"page","link":"https:\/\/salumitalia.it\/fr\/valori-nutrizionali\/","title":{"rendered":"Valeurs nutritionnelles"},"content":{"rendered":"<h2>VALEURS NUTRITIONNELLES<\/h2>\n<p class=\"big\">La charcuterie italienne <strong>AOP<\/strong> et <strong>IGP<\/strong> repr\u00e9sente l&#8217;une des <strong>excellences<\/strong> agroalimentaires italiennes, appr\u00e9ci\u00e9es dans le monde entier.<\/p>\n<p>Si le go\u00fbt, le lien avec le territoire et la qualit\u00e9 certifi\u00e9e sont des caract\u00e9ristiques intrins\u00e8ques et reconnues des <strong>charcuteries prot\u00e9g\u00e9es<\/strong>, il est important de souligner combien le secteur de la charcuterie italienne s&#8217;est engag\u00e9 depuis des ann\u00e9es pour am\u00e9liorer les aspects nutritionnels qui implique toute la fili\u00e8re: l&#8217;\u00e9levage, les technologies de production, en respectant les <strong>recettes<\/strong> et <strong>les transformations traditionnelles<\/strong>.<\/p>\n<p>L&#8217;attention port\u00e9e aux questions d&#8217;alimentation et de <strong>sant\u00e9<\/strong> r\u00e9pond \u00e0 la recherche croissante, de la part du consommateur, de qualit\u00e9 et de typicit\u00e9, ainsi qu&#8217;\u00e0 la demande de produits qui s&#8217;int\u00e8grent bien dans une alimentation vari\u00e9e, saine et \u00e9quilibr\u00e9e. Les charcuteries, en particulier les produits <strong>AOP<\/strong> et <strong>IGP<\/strong>, ont des qualit\u00e9s uniques qui correspondent \u00e0 ces tendances.<\/p>\n","protected":false},"excerpt":{"rendered":"<p>VALEURS NUTRITIONNELLES La charcuterie italienne AOP et IGP repr\u00e9sente l&#8217;une des excellences agroalimentaires italiennes, appr\u00e9ci\u00e9es dans le monde entier. Si le go\u00fbt, le lien avec le territoire et la qualit\u00e9 certifi\u00e9e sont des caract\u00e9ristiques intrins\u00e8ques et reconnues des charcuteries prot\u00e9g\u00e9es, il est important de souligner combien le secteur de la charcuterie italienne s&#8217;est engag\u00e9 depuis [&hellip;]<\/p>\n","protected":false},"author":2,"featured_media":2624,"parent":0,"menu_order":0,"comment_status":"closed","ping_status":"closed","template":"templates\/about.php","meta":{"_acf_changed":false,"footnotes":""},"class_list":["post-1876","page","type-page","status-publish","has-post-thumbnail","hentry"],"acf":[],"yoast_head":"<!-- This site is optimized with the Yoast SEO plugin v24.8.1 - https:\/\/yoast.com\/wordpress\/plugins\/seo\/ -->\n<title>Salumi Italia - Valeurs nutritionnelles<\/title>\n<meta name=\"robots\" content=\"index, follow, max-snippet:-1, max-image-preview:large, max-video-preview:-1\" \/>\n<link rel=\"canonical\" href=\"https:\/\/salumitalia.it\/fr\/valori-nutrizionali\/\" \/>\n<meta property=\"og:locale\" content=\"fr_FR\" \/>\n<meta property=\"og:type\" content=\"article\" \/>\n<meta property=\"og:title\" content=\"Salumi Italia - Valeurs nutritionnelles\" \/>\n<meta property=\"og:description\" content=\"VALEURS NUTRITIONNELLES La charcuterie italienne AOP et IGP repr\u00e9sente l&#8217;une des excellences agroalimentaires italiennes, appr\u00e9ci\u00e9es dans le monde entier. Si le go\u00fbt, le lien avec le territoire et la qualit\u00e9 certifi\u00e9e sont des caract\u00e9ristiques intrins\u00e8ques et reconnues des charcuteries prot\u00e9g\u00e9es, il est important de souligner combien le secteur de la charcuterie italienne s&#8217;est engag\u00e9 depuis [&hellip;]\" \/>\n<meta property=\"og:url\" content=\"https:\/\/salumitalia.it\/fr\/valori-nutrizionali\/\" \/>\n<meta property=\"og:site_name\" content=\"Salumi Italia\" \/>\n<meta property=\"article:modified_time\" content=\"2020-01-08T15:34:31+00:00\" \/>\n<meta property=\"og:image\" content=\"https:\/\/salumitalia.it\/wp-content\/uploads\/2020\/04\/visual_A.png\" \/>\n\t<meta property=\"og:image:width\" content=\"1600\" \/>\n\t<meta property=\"og:image:height\" content=\"1131\" \/>\n\t<meta property=\"og:image:type\" content=\"image\/png\" \/>\n<meta name=\"twitter:card\" content=\"summary_large_image\" \/>\n<meta name=\"twitter:label1\" content=\"Est. reading time\" \/>\n\t<meta name=\"twitter:data1\" content=\"1 minute\" \/>\n<script type=\"application\/ld+json\" class=\"yoast-schema-graph\">{\"@context\":\"https:\/\/schema.org\",\"@graph\":[{\"@type\":\"WebPage\",\"@id\":\"https:\/\/salumitalia.it\/fr\/valori-nutrizionali\/\",\"url\":\"https:\/\/salumitalia.it\/fr\/valori-nutrizionali\/\",\"name\":\"Salumi Italia - Valeurs nutritionnelles\",\"isPartOf\":{\"@id\":\"https:\/\/salumitalia.it\/#website\"},\"primaryImageOfPage\":{\"@id\":\"https:\/\/salumitalia.it\/fr\/valori-nutrizionali\/#primaryimage\"},\"image\":{\"@id\":\"https:\/\/salumitalia.it\/fr\/valori-nutrizionali\/#primaryimage\"},\"thumbnailUrl\":\"https:\/\/salumitalia.it\/wp-content\/uploads\/2020\/04\/visual_A.png\",\"datePublished\":\"2019-07-09T14:46:53+00:00\",\"dateModified\":\"2020-01-08T15:34:31+00:00\",\"breadcrumb\":{\"@id\":\"https:\/\/salumitalia.it\/fr\/valori-nutrizionali\/#breadcrumb\"},\"inLanguage\":\"fr-FR\",\"potentialAction\":[{\"@type\":\"ReadAction\",\"target\":[\"https:\/\/salumitalia.it\/fr\/valori-nutrizionali\/\"]}]},{\"@type\":\"ImageObject\",\"inLanguage\":\"fr-FR\",\"@id\":\"https:\/\/salumitalia.it\/fr\/valori-nutrizionali\/#primaryimage\",\"url\":\"https:\/\/salumitalia.it\/wp-content\/uploads\/2020\/04\/visual_A.png\",\"contentUrl\":\"https:\/\/salumitalia.it\/wp-content\/uploads\/2020\/04\/visual_A.png\",\"width\":1600,\"height\":1131},{\"@type\":\"BreadcrumbList\",\"@id\":\"https:\/\/salumitalia.it\/fr\/valori-nutrizionali\/#breadcrumb\",\"itemListElement\":[{\"@type\":\"ListItem\",\"position\":1,\"name\":\"Home\",\"item\":\"https:\/\/salumitalia.it\/fr\/\"},{\"@type\":\"ListItem\",\"position\":2,\"name\":\"Valeurs nutritionnelles\"}]},{\"@type\":\"WebSite\",\"@id\":\"https:\/\/salumitalia.it\/#website\",\"url\":\"https:\/\/salumitalia.it\/\",\"name\":\"Salumi Italia\",\"description\":\"\",\"potentialAction\":[{\"@type\":\"SearchAction\",\"target\":{\"@type\":\"EntryPoint\",\"urlTemplate\":\"https:\/\/salumitalia.it\/?s={search_term_string}\"},\"query-input\":{\"@type\":\"PropertyValueSpecification\",\"valueRequired\":true,\"valueName\":\"search_term_string\"}}],\"inLanguage\":\"fr-FR\"}]}<\/script>\n<!-- \/ Yoast SEO plugin. -->","yoast_head_json":{"title":"Salumi Italia - Valeurs nutritionnelles","robots":{"index":"index","follow":"follow","max-snippet":"max-snippet:-1","max-image-preview":"max-image-preview:large","max-video-preview":"max-video-preview:-1"},"canonical":"https:\/\/salumitalia.it\/fr\/valori-nutrizionali\/","og_locale":"fr_FR","og_type":"article","og_title":"Salumi Italia - Valeurs nutritionnelles","og_description":"VALEURS NUTRITIONNELLES La charcuterie italienne AOP et IGP repr\u00e9sente l&#8217;une des excellences agroalimentaires italiennes, appr\u00e9ci\u00e9es dans le monde entier. Si le go\u00fbt, le lien avec le territoire et la qualit\u00e9 certifi\u00e9e sont des caract\u00e9ristiques intrins\u00e8ques et reconnues des charcuteries prot\u00e9g\u00e9es, il est important de souligner combien le secteur de la charcuterie italienne s&#8217;est engag\u00e9 depuis [&hellip;]","og_url":"https:\/\/salumitalia.it\/fr\/valori-nutrizionali\/","og_site_name":"Salumi Italia","article_modified_time":"2020-01-08T15:34:31+00:00","og_image":[{"width":1600,"height":1131,"url":"https:\/\/salumitalia.it\/wp-content\/uploads\/2020\/04\/visual_A.png","type":"image\/png"}],"twitter_card":"summary_large_image","twitter_misc":{"Est. reading time":"1 minute"},"schema":{"@context":"https:\/\/schema.org","@graph":[{"@type":"WebPage","@id":"https:\/\/salumitalia.it\/fr\/valori-nutrizionali\/","url":"https:\/\/salumitalia.it\/fr\/valori-nutrizionali\/","name":"Salumi Italia - Valeurs nutritionnelles","isPartOf":{"@id":"https:\/\/salumitalia.it\/#website"},"primaryImageOfPage":{"@id":"https:\/\/salumitalia.it\/fr\/valori-nutrizionali\/#primaryimage"},"image":{"@id":"https:\/\/salumitalia.it\/fr\/valori-nutrizionali\/#primaryimage"},"thumbnailUrl":"https:\/\/salumitalia.it\/wp-content\/uploads\/2020\/04\/visual_A.png","datePublished":"2019-07-09T14:46:53+00:00","dateModified":"2020-01-08T15:34:31+00:00","breadcrumb":{"@id":"https:\/\/salumitalia.it\/fr\/valori-nutrizionali\/#breadcrumb"},"inLanguage":"fr-FR","potentialAction":[{"@type":"ReadAction","target":["https:\/\/salumitalia.it\/fr\/valori-nutrizionali\/"]}]},{"@type":"ImageObject","inLanguage":"fr-FR","@id":"https:\/\/salumitalia.it\/fr\/valori-nutrizionali\/#primaryimage","url":"https:\/\/salumitalia.it\/wp-content\/uploads\/2020\/04\/visual_A.png","contentUrl":"https:\/\/salumitalia.it\/wp-content\/uploads\/2020\/04\/visual_A.png","width":1600,"height":1131},{"@type":"BreadcrumbList","@id":"https:\/\/salumitalia.it\/fr\/valori-nutrizionali\/#breadcrumb","itemListElement":[{"@type":"ListItem","position":1,"name":"Home","item":"https:\/\/salumitalia.it\/fr\/"},{"@type":"ListItem","position":2,"name":"Valeurs nutritionnelles"}]},{"@type":"WebSite","@id":"https:\/\/salumitalia.it\/#website","url":"https:\/\/salumitalia.it\/","name":"Salumi Italia","description":"","potentialAction":[{"@type":"SearchAction","target":{"@type":"EntryPoint","urlTemplate":"https:\/\/salumitalia.it\/?s={search_term_string}"},"query-input":{"@type":"PropertyValueSpecification","valueRequired":true,"valueName":"search_term_string"}}],"inLanguage":"fr-FR"}]}},"_links":{"self":[{"href":"https:\/\/salumitalia.it\/fr\/wp-json\/wp\/v2\/pages\/1876","targetHints":{"allow":["GET"]}}],"collection":[{"href":"https:\/\/salumitalia.it\/fr\/wp-json\/wp\/v2\/pages"}],"about":[{"href":"https:\/\/salumitalia.it\/fr\/wp-json\/wp\/v2\/types\/page"}],"author":[{"embeddable":true,"href":"https:\/\/salumitalia.it\/fr\/wp-json\/wp\/v2\/users\/2"}],"replies":[{"embeddable":true,"href":"https:\/\/salumitalia.it\/fr\/wp-json\/wp\/v2\/comments?post=1876"}],"version-history":[{"count":4,"href":"https:\/\/salumitalia.it\/fr\/wp-json\/wp\/v2\/pages\/1876\/revisions"}],"predecessor-version":[{"id":2135,"href":"https:\/\/salumitalia.it\/fr\/wp-json\/wp\/v2\/pages\/1876\/revisions\/2135"}],"wp:featuredmedia":[{"embeddable":true,"href":"https:\/\/salumitalia.it\/fr\/wp-json\/wp\/v2\/media\/2624"}],"wp:attachment":[{"href":"https:\/\/salumitalia.it\/fr\/wp-json\/wp\/v2\/media?parent=1876"}],"curies":[{"name":"wp","href":"https:\/\/api.w.org\/{rel}","templated":true}]}}