{"id":1870,"date":"2019-07-04T16:34:47","date_gmt":"2019-07-04T14:34:47","guid":{"rendered":"http:\/\/isitsalumi.flywheelsites.com\/i-consorzi\/"},"modified":"2020-01-07T10:45:22","modified_gmt":"2020-01-07T09:45:22","slug":"i-consorzi","status":"publish","type":"page","link":"https:\/\/salumitalia.it\/fr\/i-consorzi\/","title":{"rendered":"Consortiums"},"content":{"rendered":"<h2>CONSORTIUMS<\/h2>\n<p class=\"p1\">Les consortiums de protection ont un r\u00f4le important dans le syst\u00e8me des indications g\u00e9ographiques. Ils ont \u00e9t\u00e9 constitu\u00e9s sous la forme d&#8217;associations b\u00e9n\u00e9voles dont la fonction sp\u00e9cifique est de prot\u00e9ger, promouvoir et valoriser les produits.<\/p>\n<p class=\"p1\">Ils ont \u00e9galement pour mission de sensibiliser les consommateurs \u00e0 la valeur et aux caract\u00e9ristiques identitaires des certifications, afin de diffuser un mod\u00e8le de production non seulement \u00e9conomique mais aussi culturel, expression de l&#8217;identit\u00e9 et de l&#8217;histoire des territoires d&#8217;origine.<\/p>\n","protected":false},"excerpt":{"rendered":"<p>CONSORTIUMS Les consortiums de protection ont un r\u00f4le important dans le syst\u00e8me des indications g\u00e9ographiques. Ils ont \u00e9t\u00e9 constitu\u00e9s sous la forme d&#8217;associations b\u00e9n\u00e9voles dont la fonction sp\u00e9cifique est de prot\u00e9ger, promouvoir et valoriser les produits. Ils ont \u00e9galement pour mission de sensibiliser les consommateurs \u00e0 la valeur et aux caract\u00e9ristiques identitaires des certifications, afin [&hellip;]<\/p>\n","protected":false},"author":2,"featured_media":0,"parent":0,"menu_order":0,"comment_status":"closed","ping_status":"closed","template":"templates\/consortia.php","meta":{"_acf_changed":false,"footnotes":""},"class_list":["post-1870","page","type-page","status-publish","hentry"],"acf":[],"yoast_head":"<!-- This site is optimized with the Yoast SEO plugin v24.8.1 - https:\/\/yoast.com\/wordpress\/plugins\/seo\/ -->\n<title>Salumi Italia - Consortiums<\/title>\n<meta name=\"robots\" content=\"index, follow, max-snippet:-1, max-image-preview:large, max-video-preview:-1\" \/>\n<link rel=\"canonical\" href=\"https:\/\/salumitalia.it\/fr\/i-consorzi\/\" \/>\n<meta property=\"og:locale\" content=\"fr_FR\" \/>\n<meta property=\"og:type\" content=\"article\" \/>\n<meta property=\"og:title\" content=\"Salumi Italia - Consortiums\" \/>\n<meta property=\"og:description\" content=\"CONSORTIUMS Les consortiums de protection ont un r\u00f4le important dans le syst\u00e8me des indications g\u00e9ographiques. Ils ont \u00e9t\u00e9 constitu\u00e9s sous la forme d&#8217;associations b\u00e9n\u00e9voles dont la fonction sp\u00e9cifique est de prot\u00e9ger, promouvoir et valoriser les produits. Ils ont \u00e9galement pour mission de sensibiliser les consommateurs \u00e0 la valeur et aux caract\u00e9ristiques identitaires des certifications, afin [&hellip;]\" \/>\n<meta property=\"og:url\" content=\"https:\/\/salumitalia.it\/fr\/i-consorzi\/\" \/>\n<meta property=\"og:site_name\" content=\"Salumi Italia\" \/>\n<meta property=\"article:modified_time\" content=\"2020-01-07T09:45:22+00:00\" \/>\n<meta name=\"twitter:card\" content=\"summary_large_image\" \/>\n<script type=\"application\/ld+json\" class=\"yoast-schema-graph\">{\"@context\":\"https:\/\/schema.org\",\"@graph\":[{\"@type\":\"WebPage\",\"@id\":\"https:\/\/salumitalia.it\/fr\/i-consorzi\/\",\"url\":\"https:\/\/salumitalia.it\/fr\/i-consorzi\/\",\"name\":\"Salumi Italia - Consortiums\",\"isPartOf\":{\"@id\":\"https:\/\/salumitalia.it\/#website\"},\"datePublished\":\"2019-07-04T14:34:47+00:00\",\"dateModified\":\"2020-01-07T09:45:22+00:00\",\"breadcrumb\":{\"@id\":\"https:\/\/salumitalia.it\/fr\/i-consorzi\/#breadcrumb\"},\"inLanguage\":\"fr-FR\",\"potentialAction\":[{\"@type\":\"ReadAction\",\"target\":[\"https:\/\/salumitalia.it\/fr\/i-consorzi\/\"]}]},{\"@type\":\"BreadcrumbList\",\"@id\":\"https:\/\/salumitalia.it\/fr\/i-consorzi\/#breadcrumb\",\"itemListElement\":[{\"@type\":\"ListItem\",\"position\":1,\"name\":\"Home\",\"item\":\"https:\/\/salumitalia.it\/fr\/\"},{\"@type\":\"ListItem\",\"position\":2,\"name\":\"Consortiums\"}]},{\"@type\":\"WebSite\",\"@id\":\"https:\/\/salumitalia.it\/#website\",\"url\":\"https:\/\/salumitalia.it\/\",\"name\":\"Salumi Italia\",\"description\":\"\",\"potentialAction\":[{\"@type\":\"SearchAction\",\"target\":{\"@type\":\"EntryPoint\",\"urlTemplate\":\"https:\/\/salumitalia.it\/?s={search_term_string}\"},\"query-input\":{\"@type\":\"PropertyValueSpecification\",\"valueRequired\":true,\"valueName\":\"search_term_string\"}}],\"inLanguage\":\"fr-FR\"}]}<\/script>\n<!-- \/ Yoast SEO plugin. -->","yoast_head_json":{"title":"Salumi Italia - Consortiums","robots":{"index":"index","follow":"follow","max-snippet":"max-snippet:-1","max-image-preview":"max-image-preview:large","max-video-preview":"max-video-preview:-1"},"canonical":"https:\/\/salumitalia.it\/fr\/i-consorzi\/","og_locale":"fr_FR","og_type":"article","og_title":"Salumi Italia - Consortiums","og_description":"CONSORTIUMS Les consortiums de protection ont un r\u00f4le important dans le syst\u00e8me des indications g\u00e9ographiques. Ils ont \u00e9t\u00e9 constitu\u00e9s sous la forme d&#8217;associations b\u00e9n\u00e9voles dont la fonction sp\u00e9cifique est de prot\u00e9ger, promouvoir et valoriser les produits. Ils ont \u00e9galement pour mission de sensibiliser les consommateurs \u00e0 la valeur et aux caract\u00e9ristiques identitaires des certifications, afin [&hellip;]","og_url":"https:\/\/salumitalia.it\/fr\/i-consorzi\/","og_site_name":"Salumi Italia","article_modified_time":"2020-01-07T09:45:22+00:00","twitter_card":"summary_large_image","schema":{"@context":"https:\/\/schema.org","@graph":[{"@type":"WebPage","@id":"https:\/\/salumitalia.it\/fr\/i-consorzi\/","url":"https:\/\/salumitalia.it\/fr\/i-consorzi\/","name":"Salumi Italia - Consortiums","isPartOf":{"@id":"https:\/\/salumitalia.it\/#website"},"datePublished":"2019-07-04T14:34:47+00:00","dateModified":"2020-01-07T09:45:22+00:00","breadcrumb":{"@id":"https:\/\/salumitalia.it\/fr\/i-consorzi\/#breadcrumb"},"inLanguage":"fr-FR","potentialAction":[{"@type":"ReadAction","target":["https:\/\/salumitalia.it\/fr\/i-consorzi\/"]}]},{"@type":"BreadcrumbList","@id":"https:\/\/salumitalia.it\/fr\/i-consorzi\/#breadcrumb","itemListElement":[{"@type":"ListItem","position":1,"name":"Home","item":"https:\/\/salumitalia.it\/fr\/"},{"@type":"ListItem","position":2,"name":"Consortiums"}]},{"@type":"WebSite","@id":"https:\/\/salumitalia.it\/#website","url":"https:\/\/salumitalia.it\/","name":"Salumi Italia","description":"","potentialAction":[{"@type":"SearchAction","target":{"@type":"EntryPoint","urlTemplate":"https:\/\/salumitalia.it\/?s={search_term_string}"},"query-input":{"@type":"PropertyValueSpecification","valueRequired":true,"valueName":"search_term_string"}}],"inLanguage":"fr-FR"}]}},"_links":{"self":[{"href":"https:\/\/salumitalia.it\/fr\/wp-json\/wp\/v2\/pages\/1870","targetHints":{"allow":["GET"]}}],"collection":[{"href":"https:\/\/salumitalia.it\/fr\/wp-json\/wp\/v2\/pages"}],"about":[{"href":"https:\/\/salumitalia.it\/fr\/wp-json\/wp\/v2\/types\/page"}],"author":[{"embeddable":true,"href":"https:\/\/salumitalia.it\/fr\/wp-json\/wp\/v2\/users\/2"}],"replies":[{"embeddable":true,"href":"https:\/\/salumitalia.it\/fr\/wp-json\/wp\/v2\/comments?post=1870"}],"version-history":[{"count":2,"href":"https:\/\/salumitalia.it\/fr\/wp-json\/wp\/v2\/pages\/1870\/revisions"}],"predecessor-version":[{"id":1874,"href":"https:\/\/salumitalia.it\/fr\/wp-json\/wp\/v2\/pages\/1870\/revisions\/1874"}],"wp:attachment":[{"href":"https:\/\/salumitalia.it\/fr\/wp-json\/wp\/v2\/media?parent=1870"}],"curies":[{"name":"wp","href":"https:\/\/api.w.org\/{rel}","templated":true}]}}