{"id":1785,"date":"2019-07-05T10:14:51","date_gmt":"2019-07-05T08:14:51","guid":{"rendered":"http:\/\/isitsalumi.flywheelsites.com\/dop-e-igp\/"},"modified":"2020-01-07T10:45:00","modified_gmt":"2020-01-07T09:45:00","slug":"dop-e-igp","status":"publish","type":"page","link":"https:\/\/salumitalia.it\/fr\/dop-e-igp\/","title":{"rendered":"AOP &#038; IGP"},"content":{"rendered":"<h2>AOP ET IGP<\/h2>\n<p class=\"big\">Les AOP et IGP sont des syst\u00e8mes de qualit\u00e9 n\u00e9s en Europe, pr\u00e9cis\u00e9ment pour reconna\u00eetre la valeur de productions agroalimentaires particuli\u00e8res.<\/p>\n<p>Les certifications <strong>AOP<\/strong> et <strong>IGP<\/strong> ont pour but de prot\u00e9ger les noms des produits et leur <strong>typicit\u00e9 contre les imitations et les abus<\/strong>, de soutenir le syst\u00e8me de production et les \u00e9conomies locales et de prot\u00e9ger les consommateurs, en garantissant <strong>une qualit\u00e9 certifi\u00e9e et contr\u00f4l\u00e9e<\/strong>.<\/p>\n<p>Actuellement, la l\u00e9gislation communautaire r\u00e9f\u00e9rentielle est repr\u00e9sent\u00e9e par le r\u00e8glement communautaire n\u00b01151\/2012 relatif aux r\u00e9gimes de qualit\u00e9 des produits agricoles et des denr\u00e9es alimentaires.<\/p>\n<p>Les deux appellations prot\u00e8gent les produits par le biais d\u2019une <strong>approche territoriale<\/strong>, entendue comme un environnement g\u00e9ographique qui int\u00e8gre \u00e0 la fois des <strong>facteurs naturels<\/strong> (climat, caract\u00e9ristiques environnementales) et des <strong>facteurs humains<\/strong> (techniques de production transmises dans le temps, artisanat, savoir-faire). Ces deux aspects permettent d&#8217;obtenir un <strong>produit inimitable<\/strong> en dehors d&#8217;une zone de production donn\u00e9e.<\/p>\n<p>Le syst\u00e8me de production des <strong>AOP<\/strong> et des <strong>IGP<\/strong> est en constante \u00e9volution et r\u00e9pond \u00e0 l&#8217;attention croissante des consommateurs \u00e0 la <strong>recherche de la qualit\u00e9<\/strong>, du caract\u00e8re typique et du lien entre le produit et un <strong>terroir sp\u00e9cifique<\/strong>.<\/p>\n<p>Un saucisson qui obtient le label <strong>AOP<\/strong> ou <strong>IGP<\/strong> est soumis \u00e0 des contr\u00f4les tout au long de la cha\u00eene de production, ce qui constitue une garantie de qualit\u00e9 et de s\u00e9curit\u00e9 pour les producteurs, mais surtout pour les consommateurs.<\/p>\n<p>Un premier contr\u00f4le concerne le respect du cahier des charges de production et est effectu\u00e9 par des organismes tiers et ind\u00e9pendants, autoris\u00e9s par le Minist\u00e8re des Politiques Alimentaires, Agricoles et Foresti\u00e8res. Ensuite, il faut v\u00e9rifier que la m\u00e9thode de production est respect\u00e9e et que le produit pr\u00e9sente les caract\u00e9ristiques pr\u00e9vues dans le cahier des charges lui-m\u00eame. Ce n&#8217;est qu&#8217;\u00e0 la fin de la phase de production, si toutes les exigences sont remplies, qu&#8217;un produit obtient la certification AOP ou IGP. Un deuxi\u00e8me niveau de contr\u00f4le a lieu pendant la phase de commercialisation et est effectu\u00e9 aussi bien par les organismes institutionnels comp\u00e9tents que directement par les consortiums de protection, \u00e0 travers l&#8217;activit\u00e9 d&#8217;agents de contr\u00f4le reconnus par le Minist\u00e8re des Politiques Alimentaires, Agricoles et Foresti\u00e8res lui-m\u00eame\u00a0: le but de la vigilance est de v\u00e9rifier que les productions certifi\u00e9es r\u00e9pondent aux exigences mais surtout d&#8217;emp\u00eacher ou d&#8217;interrompre les utilisations non autoris\u00e9es des appellations par des sujets non autoris\u00e9s (\u00e9vocations, usurpations, imitations, utilisations commerciales non autoris\u00e9es directes ou indirectes, etc.) afin d&#8217;\u00e9viter de porter pr\u00e9judice, \u00e9galement en termes d&#8217;image, aux productions AOP et IGP et d&#8217;\u00e9viter que les consommateurs ne soient induits en erreur quant \u00e0 la v\u00e9ritable origine et \u00e0 la nature des produits.<\/p>\n","protected":false},"excerpt":{"rendered":"<p>AOP ET IGP Les AOP et IGP sont des syst\u00e8mes de qualit\u00e9 n\u00e9s en Europe, pr\u00e9cis\u00e9ment pour reconna\u00eetre la valeur de productions agroalimentaires particuli\u00e8res. Les certifications AOP et IGP ont pour but de prot\u00e9ger les noms des produits et leur typicit\u00e9 contre les imitations et les abus, de soutenir le syst\u00e8me de production et les [&hellip;]<\/p>\n","protected":false},"author":2,"featured_media":1493,"parent":0,"menu_order":0,"comment_status":"closed","ping_status":"closed","template":"templates\/dop-igp.php","meta":{"_acf_changed":false,"footnotes":""},"class_list":["post-1785","page","type-page","status-publish","has-post-thumbnail","hentry"],"acf":[],"yoast_head":"<!-- This site is optimized with the Yoast SEO plugin v24.8.1 - https:\/\/yoast.com\/wordpress\/plugins\/seo\/ -->\n<title>Salumi Italia - AOP &amp; IGP<\/title>\n<meta name=\"robots\" content=\"index, follow, max-snippet:-1, max-image-preview:large, max-video-preview:-1\" \/>\n<link rel=\"canonical\" href=\"https:\/\/salumitalia.it\/fr\/dop-e-igp\/\" \/>\n<meta property=\"og:locale\" content=\"fr_FR\" \/>\n<meta property=\"og:type\" content=\"article\" \/>\n<meta property=\"og:title\" content=\"Salumi Italia - AOP &amp; IGP\" \/>\n<meta property=\"og:description\" content=\"AOP ET IGP Les AOP et IGP sont des syst\u00e8mes de qualit\u00e9 n\u00e9s en Europe, pr\u00e9cis\u00e9ment pour reconna\u00eetre la valeur de productions agroalimentaires particuli\u00e8res. Les certifications AOP et IGP ont pour but de prot\u00e9ger les noms des produits et leur typicit\u00e9 contre les imitations et les abus, de soutenir le syst\u00e8me de production et les [&hellip;]\" \/>\n<meta property=\"og:url\" content=\"https:\/\/salumitalia.it\/fr\/dop-e-igp\/\" \/>\n<meta property=\"og:site_name\" content=\"Salumi Italia\" \/>\n<meta property=\"article:modified_time\" content=\"2020-01-07T09:45:00+00:00\" \/>\n<meta property=\"og:image\" content=\"https:\/\/salumitalia.it\/wp-content\/uploads\/2019\/11\/14_consorzio_prosciutto_modena-002.jpg\" \/>\n\t<meta property=\"og:image:width\" content=\"1068\" \/>\n\t<meta property=\"og:image:height\" content=\"1600\" \/>\n\t<meta property=\"og:image:type\" content=\"image\/jpeg\" \/>\n<meta name=\"twitter:card\" content=\"summary_large_image\" \/>\n<meta name=\"twitter:label1\" content=\"Est. reading time\" \/>\n\t<meta name=\"twitter:data1\" content=\"2 minutes\" \/>\n<script type=\"application\/ld+json\" class=\"yoast-schema-graph\">{\"@context\":\"https:\/\/schema.org\",\"@graph\":[{\"@type\":\"WebPage\",\"@id\":\"https:\/\/salumitalia.it\/fr\/dop-e-igp\/\",\"url\":\"https:\/\/salumitalia.it\/fr\/dop-e-igp\/\",\"name\":\"Salumi Italia - AOP & IGP\",\"isPartOf\":{\"@id\":\"https:\/\/salumitalia.it\/#website\"},\"primaryImageOfPage\":{\"@id\":\"https:\/\/salumitalia.it\/fr\/dop-e-igp\/#primaryimage\"},\"image\":{\"@id\":\"https:\/\/salumitalia.it\/fr\/dop-e-igp\/#primaryimage\"},\"thumbnailUrl\":\"https:\/\/salumitalia.it\/wp-content\/uploads\/2019\/11\/14_consorzio_prosciutto_modena-002.jpg\",\"datePublished\":\"2019-07-05T08:14:51+00:00\",\"dateModified\":\"2020-01-07T09:45:00+00:00\",\"breadcrumb\":{\"@id\":\"https:\/\/salumitalia.it\/fr\/dop-e-igp\/#breadcrumb\"},\"inLanguage\":\"fr-FR\",\"potentialAction\":[{\"@type\":\"ReadAction\",\"target\":[\"https:\/\/salumitalia.it\/fr\/dop-e-igp\/\"]}]},{\"@type\":\"ImageObject\",\"inLanguage\":\"fr-FR\",\"@id\":\"https:\/\/salumitalia.it\/fr\/dop-e-igp\/#primaryimage\",\"url\":\"https:\/\/salumitalia.it\/wp-content\/uploads\/2019\/11\/14_consorzio_prosciutto_modena-002.jpg\",\"contentUrl\":\"https:\/\/salumitalia.it\/wp-content\/uploads\/2019\/11\/14_consorzio_prosciutto_modena-002.jpg\",\"width\":1068,\"height\":1600},{\"@type\":\"BreadcrumbList\",\"@id\":\"https:\/\/salumitalia.it\/fr\/dop-e-igp\/#breadcrumb\",\"itemListElement\":[{\"@type\":\"ListItem\",\"position\":1,\"name\":\"Home\",\"item\":\"https:\/\/salumitalia.it\/fr\/\"},{\"@type\":\"ListItem\",\"position\":2,\"name\":\"AOP &#038; IGP\"}]},{\"@type\":\"WebSite\",\"@id\":\"https:\/\/salumitalia.it\/#website\",\"url\":\"https:\/\/salumitalia.it\/\",\"name\":\"Salumi Italia\",\"description\":\"\",\"potentialAction\":[{\"@type\":\"SearchAction\",\"target\":{\"@type\":\"EntryPoint\",\"urlTemplate\":\"https:\/\/salumitalia.it\/?s={search_term_string}\"},\"query-input\":{\"@type\":\"PropertyValueSpecification\",\"valueRequired\":true,\"valueName\":\"search_term_string\"}}],\"inLanguage\":\"fr-FR\"}]}<\/script>\n<!-- \/ Yoast SEO plugin. -->","yoast_head_json":{"title":"Salumi Italia - AOP & IGP","robots":{"index":"index","follow":"follow","max-snippet":"max-snippet:-1","max-image-preview":"max-image-preview:large","max-video-preview":"max-video-preview:-1"},"canonical":"https:\/\/salumitalia.it\/fr\/dop-e-igp\/","og_locale":"fr_FR","og_type":"article","og_title":"Salumi Italia - AOP & IGP","og_description":"AOP ET IGP Les AOP et IGP sont des syst\u00e8mes de qualit\u00e9 n\u00e9s en Europe, pr\u00e9cis\u00e9ment pour reconna\u00eetre la valeur de productions agroalimentaires particuli\u00e8res. Les certifications AOP et IGP ont pour but de prot\u00e9ger les noms des produits et leur typicit\u00e9 contre les imitations et les abus, de soutenir le syst\u00e8me de production et les [&hellip;]","og_url":"https:\/\/salumitalia.it\/fr\/dop-e-igp\/","og_site_name":"Salumi Italia","article_modified_time":"2020-01-07T09:45:00+00:00","og_image":[{"width":1068,"height":1600,"url":"https:\/\/salumitalia.it\/wp-content\/uploads\/2019\/11\/14_consorzio_prosciutto_modena-002.jpg","type":"image\/jpeg"}],"twitter_card":"summary_large_image","twitter_misc":{"Est. reading time":"2 minutes"},"schema":{"@context":"https:\/\/schema.org","@graph":[{"@type":"WebPage","@id":"https:\/\/salumitalia.it\/fr\/dop-e-igp\/","url":"https:\/\/salumitalia.it\/fr\/dop-e-igp\/","name":"Salumi Italia - AOP & IGP","isPartOf":{"@id":"https:\/\/salumitalia.it\/#website"},"primaryImageOfPage":{"@id":"https:\/\/salumitalia.it\/fr\/dop-e-igp\/#primaryimage"},"image":{"@id":"https:\/\/salumitalia.it\/fr\/dop-e-igp\/#primaryimage"},"thumbnailUrl":"https:\/\/salumitalia.it\/wp-content\/uploads\/2019\/11\/14_consorzio_prosciutto_modena-002.jpg","datePublished":"2019-07-05T08:14:51+00:00","dateModified":"2020-01-07T09:45:00+00:00","breadcrumb":{"@id":"https:\/\/salumitalia.it\/fr\/dop-e-igp\/#breadcrumb"},"inLanguage":"fr-FR","potentialAction":[{"@type":"ReadAction","target":["https:\/\/salumitalia.it\/fr\/dop-e-igp\/"]}]},{"@type":"ImageObject","inLanguage":"fr-FR","@id":"https:\/\/salumitalia.it\/fr\/dop-e-igp\/#primaryimage","url":"https:\/\/salumitalia.it\/wp-content\/uploads\/2019\/11\/14_consorzio_prosciutto_modena-002.jpg","contentUrl":"https:\/\/salumitalia.it\/wp-content\/uploads\/2019\/11\/14_consorzio_prosciutto_modena-002.jpg","width":1068,"height":1600},{"@type":"BreadcrumbList","@id":"https:\/\/salumitalia.it\/fr\/dop-e-igp\/#breadcrumb","itemListElement":[{"@type":"ListItem","position":1,"name":"Home","item":"https:\/\/salumitalia.it\/fr\/"},{"@type":"ListItem","position":2,"name":"AOP &#038; IGP"}]},{"@type":"WebSite","@id":"https:\/\/salumitalia.it\/#website","url":"https:\/\/salumitalia.it\/","name":"Salumi Italia","description":"","potentialAction":[{"@type":"SearchAction","target":{"@type":"EntryPoint","urlTemplate":"https:\/\/salumitalia.it\/?s={search_term_string}"},"query-input":{"@type":"PropertyValueSpecification","valueRequired":true,"valueName":"search_term_string"}}],"inLanguage":"fr-FR"}]}},"_links":{"self":[{"href":"https:\/\/salumitalia.it\/fr\/wp-json\/wp\/v2\/pages\/1785","targetHints":{"allow":["GET"]}}],"collection":[{"href":"https:\/\/salumitalia.it\/fr\/wp-json\/wp\/v2\/pages"}],"about":[{"href":"https:\/\/salumitalia.it\/fr\/wp-json\/wp\/v2\/types\/page"}],"author":[{"embeddable":true,"href":"https:\/\/salumitalia.it\/fr\/wp-json\/wp\/v2\/users\/2"}],"replies":[{"embeddable":true,"href":"https:\/\/salumitalia.it\/fr\/wp-json\/wp\/v2\/comments?post=1785"}],"version-history":[{"count":5,"href":"https:\/\/salumitalia.it\/fr\/wp-json\/wp\/v2\/pages\/1785\/revisions"}],"predecessor-version":[{"id":1835,"href":"https:\/\/salumitalia.it\/fr\/wp-json\/wp\/v2\/pages\/1785\/revisions\/1835"}],"wp:featuredmedia":[{"embeddable":true,"href":"https:\/\/salumitalia.it\/fr\/wp-json\/wp\/v2\/media\/1493"}],"wp:attachment":[{"href":"https:\/\/salumitalia.it\/fr\/wp-json\/wp\/v2\/media?parent=1785"}],"curies":[{"name":"wp","href":"https:\/\/api.w.org\/{rel}","templated":true}]}}