{"id":1782,"date":"2019-07-04T15:22:46","date_gmt":"2019-07-04T13:22:46","guid":{"rendered":"http:\/\/isitsalumi.flywheelsites.com\/chi-siamo\/"},"modified":"2020-02-10T12:17:45","modified_gmt":"2020-02-10T11:17:45","slug":"presentation","status":"publish","type":"page","link":"https:\/\/salumitalia.it\/fr\/presentation\/","title":{"rendered":"Pr\u00e9sentation"},"content":{"rendered":"<h2>PR\u00c9SENTATION<\/h2>\n<p class=\"big\">ISIT (Istituto Salumi Italiani Tutelati \u2013 Institut des charcuteries italiennes prot\u00e9g\u00e9es) est l&#8217;association de r\u00e9f\u00e9rence des consortiums pour la protection des charcuteries AOP et IGP.<\/p>\n<p>Le syst\u00e8me qualit\u00e9 des Indications G\u00e9ographiques a \u00e9t\u00e9 mis en place en Europe, pr\u00e9cis\u00e9ment pour reconna\u00eetre et certifier la valeur de productions agroalimentaires particuli\u00e8res. Les labels AOP et IGP contribuent \u00e0 la sauvegarde des traditions gastronomiques et culturelles des territoires et garantissent aux consommateurs une qualit\u00e9 certifi\u00e9e.<\/p>\n<p>Cr\u00e9\u00e9 en 1999 et regroupant aujourd&#8217;hui 16 consortiums de protection repr\u00e9sentant 22 produits de charcuterie AOP et IGP, l&#8217;ISIT a une position tr\u00e8s repr\u00e9sentative dans le secteur de la charcuterie prot\u00e9g\u00e9e. Nous sommes le pays avec le plus grand nombre de productions AOP et IGP et un quart des charcuteries sont italiennes. Ainsi l&#8217;objectif de l&#8217;ISIT est la protection, la promotion, la valorisation et la gestion g\u00e9n\u00e9rale des int\u00e9r\u00eats du secteur de la charcuterie italienne prot\u00e9g\u00e9e.<\/p>\n<p>L&#8217;ISIT est une association \u00e0 but non lucratif dont les organes sociaux sont l&#8217;Assembl\u00e9e, le Conseil, le Pr\u00e9sident et le Comit\u00e9 des commissaires aux comptes. Le Conseil est compos\u00e9 d\u2019industriels et d\u2019entrepreneurs, principalement des Pr\u00e9sidents de Consortiums de Protection, acteurs d\u00e9mocratiquement \u00e9lus par les producteurs. L&#8217;ISIT est donc le porte-parole des entrepreneurs, c&#8217;est-\u00e0-dire de ceux qui investissent sur le territoire et contribuent directement \u00e0 faire conna\u00eetre le Made in Italy sur les march\u00e9s italiens et \u00e9trangers.<\/p>\n","protected":false},"excerpt":{"rendered":"<p>PR\u00c9SENTATION ISIT (Istituto Salumi Italiani Tutelati \u2013 Institut des charcuteries italiennes prot\u00e9g\u00e9es) est l&#8217;association de r\u00e9f\u00e9rence des consortiums pour la protection des charcuteries AOP et IGP. Le syst\u00e8me qualit\u00e9 des Indications G\u00e9ographiques a \u00e9t\u00e9 mis en place en Europe, pr\u00e9cis\u00e9ment pour reconna\u00eetre et certifier la valeur de productions agroalimentaires particuli\u00e8res. Les labels AOP et IGP [&hellip;]<\/p>\n","protected":false},"author":2,"featured_media":7237,"parent":0,"menu_order":0,"comment_status":"closed","ping_status":"closed","template":"templates\/about.php","meta":{"_acf_changed":false,"footnotes":""},"class_list":["post-1782","page","type-page","status-publish","has-post-thumbnail","hentry"],"acf":[],"yoast_head":"<!-- This site is optimized with the Yoast SEO plugin v24.8.1 - https:\/\/yoast.com\/wordpress\/plugins\/seo\/ -->\n<title>Salumi Italia - Pr\u00e9sentation<\/title>\n<meta name=\"robots\" content=\"index, follow, max-snippet:-1, max-image-preview:large, max-video-preview:-1\" \/>\n<link rel=\"canonical\" href=\"https:\/\/salumitalia.it\/fr\/presentation\/\" \/>\n<meta property=\"og:locale\" content=\"fr_FR\" \/>\n<meta property=\"og:type\" content=\"article\" \/>\n<meta property=\"og:title\" content=\"Salumi Italia - Pr\u00e9sentation\" \/>\n<meta property=\"og:description\" content=\"PR\u00c9SENTATION ISIT (Istituto Salumi Italiani Tutelati \u2013 Institut des charcuteries italiennes prot\u00e9g\u00e9es) est l&#8217;association de r\u00e9f\u00e9rence des consortiums pour la protection des charcuteries AOP et IGP. Le syst\u00e8me qualit\u00e9 des Indications G\u00e9ographiques a \u00e9t\u00e9 mis en place en Europe, pr\u00e9cis\u00e9ment pour reconna\u00eetre et certifier la valeur de productions agroalimentaires particuli\u00e8res. Les labels AOP et IGP [&hellip;]\" \/>\n<meta property=\"og:url\" content=\"https:\/\/salumitalia.it\/fr\/presentation\/\" \/>\n<meta property=\"og:site_name\" content=\"Salumi Italia\" \/>\n<meta property=\"article:modified_time\" content=\"2020-02-10T11:17:45+00:00\" \/>\n<meta property=\"og:image\" content=\"https:\/\/salumitalia.it\/wp-content\/uploads\/2020\/04\/visual_B-1024x724.png\" \/>\n\t<meta property=\"og:image:width\" content=\"1024\" \/>\n\t<meta property=\"og:image:height\" content=\"724\" \/>\n\t<meta property=\"og:image:type\" content=\"image\/png\" \/>\n<meta name=\"twitter:card\" content=\"summary_large_image\" \/>\n<meta name=\"twitter:label1\" content=\"Est. reading time\" \/>\n\t<meta name=\"twitter:data1\" content=\"1 minute\" \/>\n<script type=\"application\/ld+json\" class=\"yoast-schema-graph\">{\"@context\":\"https:\/\/schema.org\",\"@graph\":[{\"@type\":\"WebPage\",\"@id\":\"https:\/\/salumitalia.it\/fr\/presentation\/\",\"url\":\"https:\/\/salumitalia.it\/fr\/presentation\/\",\"name\":\"Salumi Italia - Pr\u00e9sentation\",\"isPartOf\":{\"@id\":\"https:\/\/salumitalia.it\/#website\"},\"primaryImageOfPage\":{\"@id\":\"https:\/\/salumitalia.it\/fr\/presentation\/#primaryimage\"},\"image\":{\"@id\":\"https:\/\/salumitalia.it\/fr\/presentation\/#primaryimage\"},\"thumbnailUrl\":\"https:\/\/salumitalia.it\/wp-content\/uploads\/2026\/01\/Senza-titolo-2.jpg\",\"datePublished\":\"2019-07-04T13:22:46+00:00\",\"dateModified\":\"2020-02-10T11:17:45+00:00\",\"breadcrumb\":{\"@id\":\"https:\/\/salumitalia.it\/fr\/presentation\/#breadcrumb\"},\"inLanguage\":\"fr-FR\",\"potentialAction\":[{\"@type\":\"ReadAction\",\"target\":[\"https:\/\/salumitalia.it\/fr\/presentation\/\"]}]},{\"@type\":\"ImageObject\",\"inLanguage\":\"fr-FR\",\"@id\":\"https:\/\/salumitalia.it\/fr\/presentation\/#primaryimage\",\"url\":\"https:\/\/salumitalia.it\/wp-content\/uploads\/2026\/01\/Senza-titolo-2.jpg\",\"contentUrl\":\"https:\/\/salumitalia.it\/wp-content\/uploads\/2026\/01\/Senza-titolo-2.jpg\",\"width\":1181,\"height\":1480},{\"@type\":\"BreadcrumbList\",\"@id\":\"https:\/\/salumitalia.it\/fr\/presentation\/#breadcrumb\",\"itemListElement\":[{\"@type\":\"ListItem\",\"position\":1,\"name\":\"Home\",\"item\":\"https:\/\/salumitalia.it\/fr\/\"},{\"@type\":\"ListItem\",\"position\":2,\"name\":\"Pr\u00e9sentation\"}]},{\"@type\":\"WebSite\",\"@id\":\"https:\/\/salumitalia.it\/#website\",\"url\":\"https:\/\/salumitalia.it\/\",\"name\":\"Salumi Italia\",\"description\":\"\",\"potentialAction\":[{\"@type\":\"SearchAction\",\"target\":{\"@type\":\"EntryPoint\",\"urlTemplate\":\"https:\/\/salumitalia.it\/?s={search_term_string}\"},\"query-input\":{\"@type\":\"PropertyValueSpecification\",\"valueRequired\":true,\"valueName\":\"search_term_string\"}}],\"inLanguage\":\"fr-FR\"}]}<\/script>\n<!-- \/ Yoast SEO plugin. -->","yoast_head_json":{"title":"Salumi Italia - Pr\u00e9sentation","robots":{"index":"index","follow":"follow","max-snippet":"max-snippet:-1","max-image-preview":"max-image-preview:large","max-video-preview":"max-video-preview:-1"},"canonical":"https:\/\/salumitalia.it\/fr\/presentation\/","og_locale":"fr_FR","og_type":"article","og_title":"Salumi Italia - Pr\u00e9sentation","og_description":"PR\u00c9SENTATION ISIT (Istituto Salumi Italiani Tutelati \u2013 Institut des charcuteries italiennes prot\u00e9g\u00e9es) est l&#8217;association de r\u00e9f\u00e9rence des consortiums pour la protection des charcuteries AOP et IGP. Le syst\u00e8me qualit\u00e9 des Indications G\u00e9ographiques a \u00e9t\u00e9 mis en place en Europe, pr\u00e9cis\u00e9ment pour reconna\u00eetre et certifier la valeur de productions agroalimentaires particuli\u00e8res. Les labels AOP et IGP [&hellip;]","og_url":"https:\/\/salumitalia.it\/fr\/presentation\/","og_site_name":"Salumi Italia","article_modified_time":"2020-02-10T11:17:45+00:00","og_image":[{"width":1024,"height":724,"url":"https:\/\/salumitalia.it\/wp-content\/uploads\/2020\/04\/visual_B-1024x724.png","type":"image\/png"}],"twitter_card":"summary_large_image","twitter_misc":{"Est. reading time":"1 minute"},"schema":{"@context":"https:\/\/schema.org","@graph":[{"@type":"WebPage","@id":"https:\/\/salumitalia.it\/fr\/presentation\/","url":"https:\/\/salumitalia.it\/fr\/presentation\/","name":"Salumi Italia - Pr\u00e9sentation","isPartOf":{"@id":"https:\/\/salumitalia.it\/#website"},"primaryImageOfPage":{"@id":"https:\/\/salumitalia.it\/fr\/presentation\/#primaryimage"},"image":{"@id":"https:\/\/salumitalia.it\/fr\/presentation\/#primaryimage"},"thumbnailUrl":"https:\/\/salumitalia.it\/wp-content\/uploads\/2026\/01\/Senza-titolo-2.jpg","datePublished":"2019-07-04T13:22:46+00:00","dateModified":"2020-02-10T11:17:45+00:00","breadcrumb":{"@id":"https:\/\/salumitalia.it\/fr\/presentation\/#breadcrumb"},"inLanguage":"fr-FR","potentialAction":[{"@type":"ReadAction","target":["https:\/\/salumitalia.it\/fr\/presentation\/"]}]},{"@type":"ImageObject","inLanguage":"fr-FR","@id":"https:\/\/salumitalia.it\/fr\/presentation\/#primaryimage","url":"https:\/\/salumitalia.it\/wp-content\/uploads\/2026\/01\/Senza-titolo-2.jpg","contentUrl":"https:\/\/salumitalia.it\/wp-content\/uploads\/2026\/01\/Senza-titolo-2.jpg","width":1181,"height":1480},{"@type":"BreadcrumbList","@id":"https:\/\/salumitalia.it\/fr\/presentation\/#breadcrumb","itemListElement":[{"@type":"ListItem","position":1,"name":"Home","item":"https:\/\/salumitalia.it\/fr\/"},{"@type":"ListItem","position":2,"name":"Pr\u00e9sentation"}]},{"@type":"WebSite","@id":"https:\/\/salumitalia.it\/#website","url":"https:\/\/salumitalia.it\/","name":"Salumi Italia","description":"","potentialAction":[{"@type":"SearchAction","target":{"@type":"EntryPoint","urlTemplate":"https:\/\/salumitalia.it\/?s={search_term_string}"},"query-input":{"@type":"PropertyValueSpecification","valueRequired":true,"valueName":"search_term_string"}}],"inLanguage":"fr-FR"}]}},"_links":{"self":[{"href":"https:\/\/salumitalia.it\/fr\/wp-json\/wp\/v2\/pages\/1782","targetHints":{"allow":["GET"]}}],"collection":[{"href":"https:\/\/salumitalia.it\/fr\/wp-json\/wp\/v2\/pages"}],"about":[{"href":"https:\/\/salumitalia.it\/fr\/wp-json\/wp\/v2\/types\/page"}],"author":[{"embeddable":true,"href":"https:\/\/salumitalia.it\/fr\/wp-json\/wp\/v2\/users\/2"}],"replies":[{"embeddable":true,"href":"https:\/\/salumitalia.it\/fr\/wp-json\/wp\/v2\/comments?post=1782"}],"version-history":[{"count":2,"href":"https:\/\/salumitalia.it\/fr\/wp-json\/wp\/v2\/pages\/1782\/revisions"}],"predecessor-version":[{"id":2144,"href":"https:\/\/salumitalia.it\/fr\/wp-json\/wp\/v2\/pages\/1782\/revisions\/2144"}],"wp:featuredmedia":[{"embeddable":true,"href":"https:\/\/salumitalia.it\/fr\/wp-json\/wp\/v2\/media\/7237"}],"wp:attachment":[{"href":"https:\/\/salumitalia.it\/fr\/wp-json\/wp\/v2\/media?parent=1782"}],"curies":[{"name":"wp","href":"https:\/\/api.w.org\/{rel}","templated":true}]}}