{"id":2001,"date":"2019-07-09T16:46:53","date_gmt":"2019-07-09T14:46:53","guid":{"rendered":"http:\/\/isitsalumi.flywheelsites.com\/valori-nutrizionali\/"},"modified":"2020-01-08T16:30:05","modified_gmt":"2020-01-08T15:30:05","slug":"valori-nutrizionali","status":"publish","type":"page","link":"https:\/\/salumitalia.it\/de\/valori-nutrizionali\/","title":{"rendered":"N\u00e4hrwerte"},"content":{"rendered":"<h2>N\u00c4HRWERTE<\/h2>\n<p class=\"big\">Die italienischen Wurst- und Schinkenwaren mit <strong>G\u00fctesiegel g. U.<\/strong> und <strong>g. g. A.<\/strong> stellen Spitzenprodukte der italienischen Agrarerzeugnisse und Lebensmittel dar und finden weltweite Anerkennung.<\/p>\n<p>Geschmack, Verbindung mit dem Gebiet und zertifizierte Qualit\u00e4t sind zwar anerkannte Eigenschaften der gesch\u00fctzten Wurst- und Schinkenwaren, aber abgesehen davon muss betont werden, dass die Sparte der italienischen Wurstwarenherstellung sich seit Jahren daf\u00fcr engagiert, die ern\u00e4hrungsspezifischen Aspekte entlang der gesamten Herstellungskette zu verbessern \u2013 von der Zucht bis zu den Herstellungstechniken \u2013, im Einklang mit den traditionellen Rezepten und Verarbeitungsmethoden.<\/p>\n<p>Der Wert, der den Themen Ern\u00e4hrung und Gesundheit beigemessen wird, entspricht der Tatsache, dass die Verbraucher zunehmend auf Qualit\u00e4t und Typizit\u00e4t achten und Produkte fordern, die sich optimal in eine abwechslungsreiche, gesunde und ausgewogene Ern\u00e4hrung integrieren. Wurst- und Schinkenwaren weisen, insbesondere was die Erzeugnisse mit G\u00fctesiegel g.\u00a0U. und g.\u00a0g.\u00a0A. betrifft, einzigartige Eigenschaften auf, die diesem Trend gerecht werden.<\/p>\n","protected":false},"excerpt":{"rendered":"<p>N\u00c4HRWERTE Die italienischen Wurst- und Schinkenwaren mit G\u00fctesiegel g. U. und g. g. A. stellen Spitzenprodukte der italienischen Agrarerzeugnisse und Lebensmittel dar und finden weltweite Anerkennung. Geschmack, Verbindung mit dem Gebiet und zertifizierte Qualit\u00e4t sind zwar anerkannte Eigenschaften der gesch\u00fctzten Wurst- und Schinkenwaren, aber abgesehen davon muss betont werden, dass die Sparte der italienischen Wurstwarenherstellung [&hellip;]<\/p>\n","protected":false},"author":2,"featured_media":2625,"parent":0,"menu_order":0,"comment_status":"closed","ping_status":"closed","template":"templates\/about.php","meta":{"_acf_changed":false,"footnotes":""},"class_list":["post-2001","page","type-page","status-publish","has-post-thumbnail","hentry"],"acf":[],"yoast_head":"<!-- This site is optimized with the Yoast SEO plugin v24.8.1 - https:\/\/yoast.com\/wordpress\/plugins\/seo\/ -->\n<title>Salumi Italia - N\u00e4hrwerte<\/title>\n<meta name=\"robots\" content=\"index, follow, max-snippet:-1, max-image-preview:large, max-video-preview:-1\" \/>\n<link rel=\"canonical\" href=\"https:\/\/salumitalia.it\/de\/valori-nutrizionali\/\" \/>\n<meta property=\"og:locale\" content=\"de_DE\" \/>\n<meta property=\"og:type\" content=\"article\" \/>\n<meta property=\"og:title\" content=\"Salumi Italia - N\u00e4hrwerte\" \/>\n<meta property=\"og:description\" content=\"N\u00c4HRWERTE Die italienischen Wurst- und Schinkenwaren mit G\u00fctesiegel g. U. und g. g. A. stellen Spitzenprodukte der italienischen Agrarerzeugnisse und Lebensmittel dar und finden weltweite Anerkennung. Geschmack, Verbindung mit dem Gebiet und zertifizierte Qualit\u00e4t sind zwar anerkannte Eigenschaften der gesch\u00fctzten Wurst- und Schinkenwaren, aber abgesehen davon muss betont werden, dass die Sparte der italienischen Wurstwarenherstellung [&hellip;]\" \/>\n<meta property=\"og:url\" content=\"https:\/\/salumitalia.it\/de\/valori-nutrizionali\/\" \/>\n<meta property=\"og:site_name\" content=\"Salumi Italia\" \/>\n<meta property=\"article:modified_time\" content=\"2020-01-08T15:30:05+00:00\" \/>\n<meta property=\"og:image\" content=\"https:\/\/salumitalia.it\/wp-content\/uploads\/2020\/04\/visual_A.png\" \/>\n\t<meta property=\"og:image:width\" content=\"1600\" \/>\n\t<meta property=\"og:image:height\" content=\"1131\" \/>\n\t<meta property=\"og:image:type\" content=\"image\/png\" \/>\n<meta name=\"twitter:card\" content=\"summary_large_image\" \/>\n<meta name=\"twitter:label1\" content=\"Est. reading time\" \/>\n\t<meta name=\"twitter:data1\" content=\"1 minute\" \/>\n<script type=\"application\/ld+json\" class=\"yoast-schema-graph\">{\"@context\":\"https:\/\/schema.org\",\"@graph\":[{\"@type\":\"WebPage\",\"@id\":\"https:\/\/salumitalia.it\/de\/valori-nutrizionali\/\",\"url\":\"https:\/\/salumitalia.it\/de\/valori-nutrizionali\/\",\"name\":\"Salumi Italia - N\u00e4hrwerte\",\"isPartOf\":{\"@id\":\"https:\/\/salumitalia.it\/#website\"},\"primaryImageOfPage\":{\"@id\":\"https:\/\/salumitalia.it\/de\/valori-nutrizionali\/#primaryimage\"},\"image\":{\"@id\":\"https:\/\/salumitalia.it\/de\/valori-nutrizionali\/#primaryimage\"},\"thumbnailUrl\":\"https:\/\/salumitalia.it\/wp-content\/uploads\/2020\/04\/visual_A.png\",\"datePublished\":\"2019-07-09T14:46:53+00:00\",\"dateModified\":\"2020-01-08T15:30:05+00:00\",\"breadcrumb\":{\"@id\":\"https:\/\/salumitalia.it\/de\/valori-nutrizionali\/#breadcrumb\"},\"inLanguage\":\"de-DE\",\"potentialAction\":[{\"@type\":\"ReadAction\",\"target\":[\"https:\/\/salumitalia.it\/de\/valori-nutrizionali\/\"]}]},{\"@type\":\"ImageObject\",\"inLanguage\":\"de-DE\",\"@id\":\"https:\/\/salumitalia.it\/de\/valori-nutrizionali\/#primaryimage\",\"url\":\"https:\/\/salumitalia.it\/wp-content\/uploads\/2020\/04\/visual_A.png\",\"contentUrl\":\"https:\/\/salumitalia.it\/wp-content\/uploads\/2020\/04\/visual_A.png\",\"width\":1600,\"height\":1131},{\"@type\":\"BreadcrumbList\",\"@id\":\"https:\/\/salumitalia.it\/de\/valori-nutrizionali\/#breadcrumb\",\"itemListElement\":[{\"@type\":\"ListItem\",\"position\":1,\"name\":\"Home\",\"item\":\"https:\/\/salumitalia.it\/de\/\"},{\"@type\":\"ListItem\",\"position\":2,\"name\":\"N\u00e4hrwerte\"}]},{\"@type\":\"WebSite\",\"@id\":\"https:\/\/salumitalia.it\/#website\",\"url\":\"https:\/\/salumitalia.it\/\",\"name\":\"Salumi Italia\",\"description\":\"\",\"potentialAction\":[{\"@type\":\"SearchAction\",\"target\":{\"@type\":\"EntryPoint\",\"urlTemplate\":\"https:\/\/salumitalia.it\/?s={search_term_string}\"},\"query-input\":{\"@type\":\"PropertyValueSpecification\",\"valueRequired\":true,\"valueName\":\"search_term_string\"}}],\"inLanguage\":\"de-DE\"}]}<\/script>\n<!-- \/ Yoast SEO plugin. -->","yoast_head_json":{"title":"Salumi Italia - N\u00e4hrwerte","robots":{"index":"index","follow":"follow","max-snippet":"max-snippet:-1","max-image-preview":"max-image-preview:large","max-video-preview":"max-video-preview:-1"},"canonical":"https:\/\/salumitalia.it\/de\/valori-nutrizionali\/","og_locale":"de_DE","og_type":"article","og_title":"Salumi Italia - N\u00e4hrwerte","og_description":"N\u00c4HRWERTE Die italienischen Wurst- und Schinkenwaren mit G\u00fctesiegel g. U. und g. g. A. stellen Spitzenprodukte der italienischen Agrarerzeugnisse und Lebensmittel dar und finden weltweite Anerkennung. Geschmack, Verbindung mit dem Gebiet und zertifizierte Qualit\u00e4t sind zwar anerkannte Eigenschaften der gesch\u00fctzten Wurst- und Schinkenwaren, aber abgesehen davon muss betont werden, dass die Sparte der italienischen Wurstwarenherstellung [&hellip;]","og_url":"https:\/\/salumitalia.it\/de\/valori-nutrizionali\/","og_site_name":"Salumi Italia","article_modified_time":"2020-01-08T15:30:05+00:00","og_image":[{"width":1600,"height":1131,"url":"https:\/\/salumitalia.it\/wp-content\/uploads\/2020\/04\/visual_A.png","type":"image\/png"}],"twitter_card":"summary_large_image","twitter_misc":{"Est. reading time":"1 minute"},"schema":{"@context":"https:\/\/schema.org","@graph":[{"@type":"WebPage","@id":"https:\/\/salumitalia.it\/de\/valori-nutrizionali\/","url":"https:\/\/salumitalia.it\/de\/valori-nutrizionali\/","name":"Salumi Italia - N\u00e4hrwerte","isPartOf":{"@id":"https:\/\/salumitalia.it\/#website"},"primaryImageOfPage":{"@id":"https:\/\/salumitalia.it\/de\/valori-nutrizionali\/#primaryimage"},"image":{"@id":"https:\/\/salumitalia.it\/de\/valori-nutrizionali\/#primaryimage"},"thumbnailUrl":"https:\/\/salumitalia.it\/wp-content\/uploads\/2020\/04\/visual_A.png","datePublished":"2019-07-09T14:46:53+00:00","dateModified":"2020-01-08T15:30:05+00:00","breadcrumb":{"@id":"https:\/\/salumitalia.it\/de\/valori-nutrizionali\/#breadcrumb"},"inLanguage":"de-DE","potentialAction":[{"@type":"ReadAction","target":["https:\/\/salumitalia.it\/de\/valori-nutrizionali\/"]}]},{"@type":"ImageObject","inLanguage":"de-DE","@id":"https:\/\/salumitalia.it\/de\/valori-nutrizionali\/#primaryimage","url":"https:\/\/salumitalia.it\/wp-content\/uploads\/2020\/04\/visual_A.png","contentUrl":"https:\/\/salumitalia.it\/wp-content\/uploads\/2020\/04\/visual_A.png","width":1600,"height":1131},{"@type":"BreadcrumbList","@id":"https:\/\/salumitalia.it\/de\/valori-nutrizionali\/#breadcrumb","itemListElement":[{"@type":"ListItem","position":1,"name":"Home","item":"https:\/\/salumitalia.it\/de\/"},{"@type":"ListItem","position":2,"name":"N\u00e4hrwerte"}]},{"@type":"WebSite","@id":"https:\/\/salumitalia.it\/#website","url":"https:\/\/salumitalia.it\/","name":"Salumi Italia","description":"","potentialAction":[{"@type":"SearchAction","target":{"@type":"EntryPoint","urlTemplate":"https:\/\/salumitalia.it\/?s={search_term_string}"},"query-input":{"@type":"PropertyValueSpecification","valueRequired":true,"valueName":"search_term_string"}}],"inLanguage":"de-DE"}]}},"_links":{"self":[{"href":"https:\/\/salumitalia.it\/de\/wp-json\/wp\/v2\/pages\/2001","targetHints":{"allow":["GET"]}}],"collection":[{"href":"https:\/\/salumitalia.it\/de\/wp-json\/wp\/v2\/pages"}],"about":[{"href":"https:\/\/salumitalia.it\/de\/wp-json\/wp\/v2\/types\/page"}],"author":[{"embeddable":true,"href":"https:\/\/salumitalia.it\/de\/wp-json\/wp\/v2\/users\/2"}],"replies":[{"embeddable":true,"href":"https:\/\/salumitalia.it\/de\/wp-json\/wp\/v2\/comments?post=2001"}],"version-history":[{"count":2,"href":"https:\/\/salumitalia.it\/de\/wp-json\/wp\/v2\/pages\/2001\/revisions"}],"predecessor-version":[{"id":2133,"href":"https:\/\/salumitalia.it\/de\/wp-json\/wp\/v2\/pages\/2001\/revisions\/2133"}],"wp:featuredmedia":[{"embeddable":true,"href":"https:\/\/salumitalia.it\/de\/wp-json\/wp\/v2\/media\/2625"}],"wp:attachment":[{"href":"https:\/\/salumitalia.it\/de\/wp-json\/wp\/v2\/media?parent=2001"}],"curies":[{"name":"wp","href":"https:\/\/api.w.org\/{rel}","templated":true}]}}