{"id":1997,"date":"2019-07-09T16:46:17","date_gmt":"2019-07-09T14:46:17","guid":{"rendered":"http:\/\/isitsalumi.flywheelsites.com\/attivita\/"},"modified":"2020-03-04T11:48:09","modified_gmt":"2020-03-04T10:48:09","slug":"attivita","status":"publish","type":"page","link":"https:\/\/salumitalia.it\/de\/attivita\/","title":{"rendered":"T\u00e4tigkeit"},"content":{"rendered":"<h2>T\u00e4tigkeit<\/h2>\n<p class=\"big\">ISIT unterst\u00fctzt die Konsortien Tag f\u00fcr Tag mit Beratung, Dienstleistungen und Initiativen zur strategischen und operationellen Koordination.<\/p>\n<p>ISIT hat es sich zur Aufgabe gemacht, die Entwicklung des Systems der geografischen Angabe zu f\u00f6rdern, die Erzeugnisse zu f\u00f6rdern und zu sch\u00fctzen, eingetragene Namen zu sch\u00fctzen, die Kenntnis und den Wert von Zertifizierungen, den kontinuierlichen Austausch zwischen den Konsortien sowie konstruktive Synergien mit den jeweiligen Institutionen des Sektors zu f\u00f6rdern.<\/p>\n<p>Aus diesem Grund pflegt ISIT insbesondere den kontinuierlichen Kontakt zum Ministerium f\u00fcr Agrar-, Nahrungsmittel- und Forstwirtschaftspolitik (Mipaaf), um strategische Priorit\u00e4ten der Sparte auszutauschen und die Politik der geografischen Angaben als erfolgreiches Produktionsmodell und Ausdruck eines Agrar- und Nahrungsmittelbestands zu unterst\u00fctzen, der auch die historische, kulturelle und soziale Identit\u00e4t der Herkunftsgebiete vermittelt und weitergibt.<\/p>\n<p>Konkret engagiert sich ISIT daf\u00fcr:<\/p>\n<ul>\n<li>Den Vergleich und Erfahrungsaustausch zwischen den Konsortien zu f\u00f6rdern und gemeinsam vertretene Stellungnahmen zu Themen im gemeinsamen Interesse zu definieren;<\/li>\n<li>Die Konsortien gegen\u00fcber \u00f6ffentlichen Einrichtungen und Institutionen kollektiv zu vertreten;<\/li>\n<li>Die Politik der geografischen Angabe auf staatlicher, gemeinschaftlicher und internationaler Ebene zu unterst\u00fctzen und mit den jeweils zust\u00e4ndigen Institutionen und den wichtigsten Verb\u00e4nden zu kooperieren;<\/li>\n<li>Die Entwicklung der Rechtsvorschriften und der Wirtschaft in der Sparte zu \u00fcberwachen<\/li>\n<li>Die Konsortien mit Beratungs- und Informationst\u00e4tigkeiten zu Rechtsvorschriften und Themen zu unterst\u00fctzen, die f\u00fcr den Sektor relevant sind<\/li>\n<li>Die T\u00e4tigkeiten f\u00fcr die Aufsicht und \u00dcberwachung des Markts und den Schutz von Wurst- und Schinkenwaren mit den G\u00fctesiegeln g. U. und g. g. A. zu koordinieren<\/li>\n<li>Die T\u00e4tigkeit der integrierten Presseabteilung f\u00fcr verschiedene Konsortien, die Mitglied beim Verband sind, zu koordinieren<\/li>\n<li>Initiativen f\u00fcr Information, Kommunikation und Aufwertung des Images und der Qualit\u00e4t der gesch\u00fctzten Wurst- und Schinkenwaren in Synergie und Zusammenarbeit mit den Konsortien zu f\u00f6rdern und zu realisieren, die sich an Verbraucher oder bestimmte Zielgruppen richten.<\/li>\n<\/ul>\n","protected":false},"excerpt":{"rendered":"<p>T\u00e4tigkeit ISIT unterst\u00fctzt die Konsortien Tag f\u00fcr Tag mit Beratung, Dienstleistungen und Initiativen zur strategischen und operationellen Koordination. ISIT hat es sich zur Aufgabe gemacht, die Entwicklung des Systems der geografischen Angabe zu f\u00f6rdern, die Erzeugnisse zu f\u00f6rdern und zu sch\u00fctzen, eingetragene Namen zu sch\u00fctzen, die Kenntnis und den Wert von Zertifizierungen, den kontinuierlichen Austausch [&hellip;]<\/p>\n","protected":false},"author":2,"featured_media":6033,"parent":0,"menu_order":0,"comment_status":"closed","ping_status":"closed","template":"templates\/about.php","meta":{"_acf_changed":false,"footnotes":""},"class_list":["post-1997","page","type-page","status-publish","has-post-thumbnail","hentry"],"acf":[],"yoast_head":"<!-- This site is optimized with the Yoast SEO plugin v24.8.1 - https:\/\/yoast.com\/wordpress\/plugins\/seo\/ -->\n<title>Salumi Italia - T\u00e4tigkeit<\/title>\n<meta name=\"robots\" content=\"index, follow, max-snippet:-1, max-image-preview:large, max-video-preview:-1\" \/>\n<link rel=\"canonical\" href=\"https:\/\/salumitalia.it\/de\/attivita\/\" \/>\n<meta property=\"og:locale\" content=\"de_DE\" \/>\n<meta property=\"og:type\" content=\"article\" \/>\n<meta property=\"og:title\" content=\"Salumi Italia - T\u00e4tigkeit\" \/>\n<meta property=\"og:description\" content=\"T\u00e4tigkeit ISIT unterst\u00fctzt die Konsortien Tag f\u00fcr Tag mit Beratung, Dienstleistungen und Initiativen zur strategischen und operationellen Koordination. ISIT hat es sich zur Aufgabe gemacht, die Entwicklung des Systems der geografischen Angabe zu f\u00f6rdern, die Erzeugnisse zu f\u00f6rdern und zu sch\u00fctzen, eingetragene Namen zu sch\u00fctzen, die Kenntnis und den Wert von Zertifizierungen, den kontinuierlichen Austausch [&hellip;]\" \/>\n<meta property=\"og:url\" content=\"https:\/\/salumitalia.it\/de\/attivita\/\" \/>\n<meta property=\"og:site_name\" content=\"Salumi Italia\" \/>\n<meta property=\"article:modified_time\" content=\"2020-03-04T10:48:09+00:00\" \/>\n<meta property=\"og:image\" content=\"https:\/\/salumitalia.it\/wp-content\/uploads\/2020\/03\/Affettatrice.png\" \/>\n\t<meta property=\"og:image:width\" content=\"1006\" \/>\n\t<meta property=\"og:image:height\" content=\"1244\" \/>\n\t<meta property=\"og:image:type\" content=\"image\/png\" \/>\n<meta name=\"twitter:card\" content=\"summary_large_image\" \/>\n<meta name=\"twitter:label1\" content=\"Est. reading time\" \/>\n\t<meta name=\"twitter:data1\" content=\"2 minutes\" \/>\n<script type=\"application\/ld+json\" class=\"yoast-schema-graph\">{\"@context\":\"https:\/\/schema.org\",\"@graph\":[{\"@type\":\"WebPage\",\"@id\":\"https:\/\/salumitalia.it\/de\/attivita\/\",\"url\":\"https:\/\/salumitalia.it\/de\/attivita\/\",\"name\":\"Salumi Italia - T\u00e4tigkeit\",\"isPartOf\":{\"@id\":\"https:\/\/salumitalia.it\/#website\"},\"primaryImageOfPage\":{\"@id\":\"https:\/\/salumitalia.it\/de\/attivita\/#primaryimage\"},\"image\":{\"@id\":\"https:\/\/salumitalia.it\/de\/attivita\/#primaryimage\"},\"thumbnailUrl\":\"https:\/\/salumitalia.it\/wp-content\/uploads\/2025\/05\/eFOTO23.png\",\"datePublished\":\"2019-07-09T14:46:17+00:00\",\"dateModified\":\"2020-03-04T10:48:09+00:00\",\"breadcrumb\":{\"@id\":\"https:\/\/salumitalia.it\/de\/attivita\/#breadcrumb\"},\"inLanguage\":\"de-DE\",\"potentialAction\":[{\"@type\":\"ReadAction\",\"target\":[\"https:\/\/salumitalia.it\/de\/attivita\/\"]}]},{\"@type\":\"ImageObject\",\"inLanguage\":\"de-DE\",\"@id\":\"https:\/\/salumitalia.it\/de\/attivita\/#primaryimage\",\"url\":\"https:\/\/salumitalia.it\/wp-content\/uploads\/2025\/05\/eFOTO23.png\",\"contentUrl\":\"https:\/\/salumitalia.it\/wp-content\/uploads\/2025\/05\/eFOTO23.png\",\"width\":1181,\"height\":1477},{\"@type\":\"BreadcrumbList\",\"@id\":\"https:\/\/salumitalia.it\/de\/attivita\/#breadcrumb\",\"itemListElement\":[{\"@type\":\"ListItem\",\"position\":1,\"name\":\"Home\",\"item\":\"https:\/\/salumitalia.it\/de\/\"},{\"@type\":\"ListItem\",\"position\":2,\"name\":\"T\u00e4tigkeit\"}]},{\"@type\":\"WebSite\",\"@id\":\"https:\/\/salumitalia.it\/#website\",\"url\":\"https:\/\/salumitalia.it\/\",\"name\":\"Salumi Italia\",\"description\":\"\",\"potentialAction\":[{\"@type\":\"SearchAction\",\"target\":{\"@type\":\"EntryPoint\",\"urlTemplate\":\"https:\/\/salumitalia.it\/?s={search_term_string}\"},\"query-input\":{\"@type\":\"PropertyValueSpecification\",\"valueRequired\":true,\"valueName\":\"search_term_string\"}}],\"inLanguage\":\"de-DE\"}]}<\/script>\n<!-- \/ Yoast SEO plugin. -->","yoast_head_json":{"title":"Salumi Italia - T\u00e4tigkeit","robots":{"index":"index","follow":"follow","max-snippet":"max-snippet:-1","max-image-preview":"max-image-preview:large","max-video-preview":"max-video-preview:-1"},"canonical":"https:\/\/salumitalia.it\/de\/attivita\/","og_locale":"de_DE","og_type":"article","og_title":"Salumi Italia - T\u00e4tigkeit","og_description":"T\u00e4tigkeit ISIT unterst\u00fctzt die Konsortien Tag f\u00fcr Tag mit Beratung, Dienstleistungen und Initiativen zur strategischen und operationellen Koordination. ISIT hat es sich zur Aufgabe gemacht, die Entwicklung des Systems der geografischen Angabe zu f\u00f6rdern, die Erzeugnisse zu f\u00f6rdern und zu sch\u00fctzen, eingetragene Namen zu sch\u00fctzen, die Kenntnis und den Wert von Zertifizierungen, den kontinuierlichen Austausch [&hellip;]","og_url":"https:\/\/salumitalia.it\/de\/attivita\/","og_site_name":"Salumi Italia","article_modified_time":"2020-03-04T10:48:09+00:00","og_image":[{"width":1006,"height":1244,"url":"https:\/\/salumitalia.it\/wp-content\/uploads\/2020\/03\/Affettatrice.png","type":"image\/png"}],"twitter_card":"summary_large_image","twitter_misc":{"Est. reading time":"2 minutes"},"schema":{"@context":"https:\/\/schema.org","@graph":[{"@type":"WebPage","@id":"https:\/\/salumitalia.it\/de\/attivita\/","url":"https:\/\/salumitalia.it\/de\/attivita\/","name":"Salumi Italia - T\u00e4tigkeit","isPartOf":{"@id":"https:\/\/salumitalia.it\/#website"},"primaryImageOfPage":{"@id":"https:\/\/salumitalia.it\/de\/attivita\/#primaryimage"},"image":{"@id":"https:\/\/salumitalia.it\/de\/attivita\/#primaryimage"},"thumbnailUrl":"https:\/\/salumitalia.it\/wp-content\/uploads\/2025\/05\/eFOTO23.png","datePublished":"2019-07-09T14:46:17+00:00","dateModified":"2020-03-04T10:48:09+00:00","breadcrumb":{"@id":"https:\/\/salumitalia.it\/de\/attivita\/#breadcrumb"},"inLanguage":"de-DE","potentialAction":[{"@type":"ReadAction","target":["https:\/\/salumitalia.it\/de\/attivita\/"]}]},{"@type":"ImageObject","inLanguage":"de-DE","@id":"https:\/\/salumitalia.it\/de\/attivita\/#primaryimage","url":"https:\/\/salumitalia.it\/wp-content\/uploads\/2025\/05\/eFOTO23.png","contentUrl":"https:\/\/salumitalia.it\/wp-content\/uploads\/2025\/05\/eFOTO23.png","width":1181,"height":1477},{"@type":"BreadcrumbList","@id":"https:\/\/salumitalia.it\/de\/attivita\/#breadcrumb","itemListElement":[{"@type":"ListItem","position":1,"name":"Home","item":"https:\/\/salumitalia.it\/de\/"},{"@type":"ListItem","position":2,"name":"T\u00e4tigkeit"}]},{"@type":"WebSite","@id":"https:\/\/salumitalia.it\/#website","url":"https:\/\/salumitalia.it\/","name":"Salumi Italia","description":"","potentialAction":[{"@type":"SearchAction","target":{"@type":"EntryPoint","urlTemplate":"https:\/\/salumitalia.it\/?s={search_term_string}"},"query-input":{"@type":"PropertyValueSpecification","valueRequired":true,"valueName":"search_term_string"}}],"inLanguage":"de-DE"}]}},"_links":{"self":[{"href":"https:\/\/salumitalia.it\/de\/wp-json\/wp\/v2\/pages\/1997","targetHints":{"allow":["GET"]}}],"collection":[{"href":"https:\/\/salumitalia.it\/de\/wp-json\/wp\/v2\/pages"}],"about":[{"href":"https:\/\/salumitalia.it\/de\/wp-json\/wp\/v2\/types\/page"}],"author":[{"embeddable":true,"href":"https:\/\/salumitalia.it\/de\/wp-json\/wp\/v2\/users\/2"}],"replies":[{"embeddable":true,"href":"https:\/\/salumitalia.it\/de\/wp-json\/wp\/v2\/comments?post=1997"}],"version-history":[{"count":4,"href":"https:\/\/salumitalia.it\/de\/wp-json\/wp\/v2\/pages\/1997\/revisions"}],"predecessor-version":[{"id":2324,"href":"https:\/\/salumitalia.it\/de\/wp-json\/wp\/v2\/pages\/1997\/revisions\/2324"}],"wp:featuredmedia":[{"embeddable":true,"href":"https:\/\/salumitalia.it\/de\/wp-json\/wp\/v2\/media\/6033"}],"wp:attachment":[{"href":"https:\/\/salumitalia.it\/de\/wp-json\/wp\/v2\/media?parent=1997"}],"curies":[{"name":"wp","href":"https:\/\/api.w.org\/{rel}","templated":true}]}}