{"id":1993,"date":"2019-07-04T16:34:47","date_gmt":"2019-07-04T14:34:47","guid":{"rendered":"http:\/\/isitsalumi.flywheelsites.com\/i-consorzi\/"},"modified":"2020-01-07T16:26:43","modified_gmt":"2020-01-07T15:26:43","slug":"i-consorzi","status":"publish","type":"page","link":"https:\/\/salumitalia.it\/de\/i-consorzi\/","title":{"rendered":"Konsortien"},"content":{"rendered":"<h2>KONSORTIEN<\/h2>\n<p>Die Schutzkonsortien spielen eine wichtige Rolle innerhalb des Systems der geografischen Herkunftsbezeichnungen. Es handelt sich um freiwillige Verb\u00e4nde, deren pr\u00e4zise Zielsetzung es ist, die Erzeugnisse zu sch\u00fctzen, zu f\u00f6rdern und aufzuwerten.<\/p>\n<p>Sie haben auch die Aufgabe, dem Verbraucher die Bedeutung des Werts und der Identit\u00e4tseigenschaften der Zertifizierungen zu vermitteln, sodass ein Produkt verbreitet wird, das nicht nur wirtschaftlich, sondern auch kulturell ist und die Identit\u00e4t und Geschichte der Herkunftsgebiete zum Ausdruck bringt.<\/p>\n","protected":false},"excerpt":{"rendered":"<p>KONSORTIEN Die Schutzkonsortien spielen eine wichtige Rolle innerhalb des Systems der geografischen Herkunftsbezeichnungen. Es handelt sich um freiwillige Verb\u00e4nde, deren pr\u00e4zise Zielsetzung es ist, die Erzeugnisse zu sch\u00fctzen, zu f\u00f6rdern und aufzuwerten. Sie haben auch die Aufgabe, dem Verbraucher die Bedeutung des Werts und der Identit\u00e4tseigenschaften der Zertifizierungen zu vermitteln, sodass ein Produkt verbreitet wird, [&hellip;]<\/p>\n","protected":false},"author":2,"featured_media":0,"parent":0,"menu_order":0,"comment_status":"closed","ping_status":"closed","template":"templates\/consortia.php","meta":{"_acf_changed":false,"footnotes":""},"class_list":["post-1993","page","type-page","status-publish","hentry"],"acf":[],"yoast_head":"<!-- This site is optimized with the Yoast SEO plugin v24.8.1 - https:\/\/yoast.com\/wordpress\/plugins\/seo\/ -->\n<title>Salumi Italia - Konsortien<\/title>\n<meta name=\"robots\" content=\"index, follow, max-snippet:-1, max-image-preview:large, max-video-preview:-1\" \/>\n<link rel=\"canonical\" href=\"https:\/\/salumitalia.it\/de\/i-consorzi\/\" \/>\n<meta property=\"og:locale\" content=\"de_DE\" \/>\n<meta property=\"og:type\" content=\"article\" \/>\n<meta property=\"og:title\" content=\"Salumi Italia - Konsortien\" \/>\n<meta property=\"og:description\" content=\"KONSORTIEN Die Schutzkonsortien spielen eine wichtige Rolle innerhalb des Systems der geografischen Herkunftsbezeichnungen. Es handelt sich um freiwillige Verb\u00e4nde, deren pr\u00e4zise Zielsetzung es ist, die Erzeugnisse zu sch\u00fctzen, zu f\u00f6rdern und aufzuwerten. Sie haben auch die Aufgabe, dem Verbraucher die Bedeutung des Werts und der Identit\u00e4tseigenschaften der Zertifizierungen zu vermitteln, sodass ein Produkt verbreitet wird, [&hellip;]\" \/>\n<meta property=\"og:url\" content=\"https:\/\/salumitalia.it\/de\/i-consorzi\/\" \/>\n<meta property=\"og:site_name\" content=\"Salumi Italia\" \/>\n<meta property=\"article:modified_time\" content=\"2020-01-07T15:26:43+00:00\" \/>\n<meta name=\"twitter:card\" content=\"summary_large_image\" \/>\n<script type=\"application\/ld+json\" class=\"yoast-schema-graph\">{\"@context\":\"https:\/\/schema.org\",\"@graph\":[{\"@type\":\"WebPage\",\"@id\":\"https:\/\/salumitalia.it\/de\/i-consorzi\/\",\"url\":\"https:\/\/salumitalia.it\/de\/i-consorzi\/\",\"name\":\"Salumi Italia - Konsortien\",\"isPartOf\":{\"@id\":\"https:\/\/salumitalia.it\/#website\"},\"datePublished\":\"2019-07-04T14:34:47+00:00\",\"dateModified\":\"2020-01-07T15:26:43+00:00\",\"breadcrumb\":{\"@id\":\"https:\/\/salumitalia.it\/de\/i-consorzi\/#breadcrumb\"},\"inLanguage\":\"de-DE\",\"potentialAction\":[{\"@type\":\"ReadAction\",\"target\":[\"https:\/\/salumitalia.it\/de\/i-consorzi\/\"]}]},{\"@type\":\"BreadcrumbList\",\"@id\":\"https:\/\/salumitalia.it\/de\/i-consorzi\/#breadcrumb\",\"itemListElement\":[{\"@type\":\"ListItem\",\"position\":1,\"name\":\"Home\",\"item\":\"https:\/\/salumitalia.it\/de\/\"},{\"@type\":\"ListItem\",\"position\":2,\"name\":\"Konsortien\"}]},{\"@type\":\"WebSite\",\"@id\":\"https:\/\/salumitalia.it\/#website\",\"url\":\"https:\/\/salumitalia.it\/\",\"name\":\"Salumi Italia\",\"description\":\"\",\"potentialAction\":[{\"@type\":\"SearchAction\",\"target\":{\"@type\":\"EntryPoint\",\"urlTemplate\":\"https:\/\/salumitalia.it\/?s={search_term_string}\"},\"query-input\":{\"@type\":\"PropertyValueSpecification\",\"valueRequired\":true,\"valueName\":\"search_term_string\"}}],\"inLanguage\":\"de-DE\"}]}<\/script>\n<!-- \/ Yoast SEO plugin. -->","yoast_head_json":{"title":"Salumi Italia - Konsortien","robots":{"index":"index","follow":"follow","max-snippet":"max-snippet:-1","max-image-preview":"max-image-preview:large","max-video-preview":"max-video-preview:-1"},"canonical":"https:\/\/salumitalia.it\/de\/i-consorzi\/","og_locale":"de_DE","og_type":"article","og_title":"Salumi Italia - Konsortien","og_description":"KONSORTIEN Die Schutzkonsortien spielen eine wichtige Rolle innerhalb des Systems der geografischen Herkunftsbezeichnungen. Es handelt sich um freiwillige Verb\u00e4nde, deren pr\u00e4zise Zielsetzung es ist, die Erzeugnisse zu sch\u00fctzen, zu f\u00f6rdern und aufzuwerten. Sie haben auch die Aufgabe, dem Verbraucher die Bedeutung des Werts und der Identit\u00e4tseigenschaften der Zertifizierungen zu vermitteln, sodass ein Produkt verbreitet wird, [&hellip;]","og_url":"https:\/\/salumitalia.it\/de\/i-consorzi\/","og_site_name":"Salumi Italia","article_modified_time":"2020-01-07T15:26:43+00:00","twitter_card":"summary_large_image","schema":{"@context":"https:\/\/schema.org","@graph":[{"@type":"WebPage","@id":"https:\/\/salumitalia.it\/de\/i-consorzi\/","url":"https:\/\/salumitalia.it\/de\/i-consorzi\/","name":"Salumi Italia - Konsortien","isPartOf":{"@id":"https:\/\/salumitalia.it\/#website"},"datePublished":"2019-07-04T14:34:47+00:00","dateModified":"2020-01-07T15:26:43+00:00","breadcrumb":{"@id":"https:\/\/salumitalia.it\/de\/i-consorzi\/#breadcrumb"},"inLanguage":"de-DE","potentialAction":[{"@type":"ReadAction","target":["https:\/\/salumitalia.it\/de\/i-consorzi\/"]}]},{"@type":"BreadcrumbList","@id":"https:\/\/salumitalia.it\/de\/i-consorzi\/#breadcrumb","itemListElement":[{"@type":"ListItem","position":1,"name":"Home","item":"https:\/\/salumitalia.it\/de\/"},{"@type":"ListItem","position":2,"name":"Konsortien"}]},{"@type":"WebSite","@id":"https:\/\/salumitalia.it\/#website","url":"https:\/\/salumitalia.it\/","name":"Salumi Italia","description":"","potentialAction":[{"@type":"SearchAction","target":{"@type":"EntryPoint","urlTemplate":"https:\/\/salumitalia.it\/?s={search_term_string}"},"query-input":{"@type":"PropertyValueSpecification","valueRequired":true,"valueName":"search_term_string"}}],"inLanguage":"de-DE"}]}},"_links":{"self":[{"href":"https:\/\/salumitalia.it\/de\/wp-json\/wp\/v2\/pages\/1993","targetHints":{"allow":["GET"]}}],"collection":[{"href":"https:\/\/salumitalia.it\/de\/wp-json\/wp\/v2\/pages"}],"about":[{"href":"https:\/\/salumitalia.it\/de\/wp-json\/wp\/v2\/types\/page"}],"author":[{"embeddable":true,"href":"https:\/\/salumitalia.it\/de\/wp-json\/wp\/v2\/users\/2"}],"replies":[{"embeddable":true,"href":"https:\/\/salumitalia.it\/de\/wp-json\/wp\/v2\/comments?post=1993"}],"version-history":[{"count":2,"href":"https:\/\/salumitalia.it\/de\/wp-json\/wp\/v2\/pages\/1993\/revisions"}],"predecessor-version":[{"id":1995,"href":"https:\/\/salumitalia.it\/de\/wp-json\/wp\/v2\/pages\/1993\/revisions\/1995"}],"wp:attachment":[{"href":"https:\/\/salumitalia.it\/de\/wp-json\/wp\/v2\/media?parent=1993"}],"curies":[{"name":"wp","href":"https:\/\/api.w.org\/{rel}","templated":true}]}}