{"id":1764,"date":"2019-07-05T10:14:51","date_gmt":"2019-07-05T08:14:51","guid":{"rendered":"http:\/\/isitsalumi.flywheelsites.com\/dop-e-igp\/"},"modified":"2020-01-08T16:24:59","modified_gmt":"2020-01-08T15:24:59","slug":"dop-e-igp","status":"publish","type":"page","link":"https:\/\/salumitalia.it\/de\/dop-e-igp\/","title":{"rendered":"g.U. und g.g.A."},"content":{"rendered":"<h2>g.U. und g.g.A.<\/h2>\n<p class=\"big\">Die gesch\u00fctzte Ursprungsbezeichnung (g. U.) und die gesch\u00fctzte geografische Angabe (g. g. A.) stellen Qualit\u00e4tssysteme dar, die auf europ\u00e4ischer Ebene ins Leben gerufen wurden, um den Wert besonderer Agrarerzeugnisse und Lebensmittel anzuerkennen.<\/p>\n<p>Mittels der Vergabe der G\u00fctesiegel g.\u00a0U. und g.\u00a0g.\u00a0A. sollen die Namen von Produkten und deren Typizit\u00e4t vor Nachahmungen und Missbrauch gesch\u00fctzt, das Produktionssystem und die lokalen Wirtschaften unterst\u00fctzt und die Verbraucher gesch\u00fctzt werden, indem eine zertifizierte und kontrollierte Qualit\u00e4t garantiert wird. Die gemeinschaftsrechtliche Referenznorm ist gegenw\u00e4rtig die Verordnung (EU) Nr. 1151\/2012 \u00fcber Qualit\u00e4tsregelungen f\u00fcr Agrarerzeugnisse und Lebensmittel. Beide Herkunftsbezeichnungen sch\u00fctzen die Produkte mittels eines regionalen Ansatzes im Sinne eines geografischen Raums, der sowohl nat\u00fcrliche Faktoren (Klima, Umgebungseigenschaften) als auch menschliche Faktoren (\u00fcberlieferte Herstellungstechniken, Handwerkskunst, Know-how) umfasst.<\/p>\n<p>Dank dieser beiden Aspekte kann ein Produkt hergestellt werden, das au\u00dferhalb eines bestimmten Herstellungsgebiets nicht nachzuahmen ist. Das System zur Herstellung von Erzeugnissen mit den G\u00fctesiegeln g.\u00a0U. und g.\u00a0g.\u00a0A. ist in st\u00e4ndigem Wachstum befindlich und wird der stetig wachsendem Aufmerksamkeit gerecht, die Verbraucher der Qualit\u00e4t von Lebensmitteln, deren Typizit\u00e4t und der Verbindung zwischen einem Produkt und einem bestimmten Gebiet beimessen. Wurstwaren mit den G\u00fctesiegeln g.\u00a0U. und g.\u00a0g.\u00a0A. werden entlang der gesamten Produktionskette kontrolliert, was eine Garantie f\u00fcr Qualit\u00e4t und Sicherheit f\u00fcr die Hersteller, aber vor allem f\u00fcr die Verbraucher darstellt.<\/p>\n<p>Eine erste Kontrolle betrifft die Einhaltung der Spezifikationen f\u00fcr die Herstellung und wird von vom Mipaaf autorisierten unabh\u00e4ngigen Drittstellen durchgef\u00fchrt. Gepr\u00fcft wird, ob die Herstellungsmethode eingehalten wird und das Erzeugnis die gem\u00e4\u00df den Spezifikationen vorgesehenen Eigenschaften besitzt. Erst nach der Herstellung und wenn alle Voraussetzungen erf\u00fcllt sind, wird einem Erzeugnis das G\u00fctesiegel g.\u00a0U. oder g.\u00a0g.\u00a0A. verliehen. Eine zweite Kontrollebene betrifft die Vermarktung und wird sowohl von den zust\u00e4ndigen Institutionen als auch direkt von den Schutzkonsortien durchgef\u00fchrt. Hierf\u00fcr werden vom Mipaaf anerkannte Kontrolleure eingesetzt: Zweck der Kontrolle ist es, sicherzustellen, dass die zertifizierten Herstellungsprozesse die vorgesehenen Voraussetzungen erf\u00fcllen, aber vor allem, widerrechtlichen Nutzungen der Bezeichnungen seitens Unbefugter (Andeutungen, widerrechtliche Aneignungen, Nachahmungen, widerrechtliche unmittelbare oder mittelbare Nutzungen zu gesch\u00e4ftlichen Zwecken) vorzubeugen oder diese zu unterbinden, um zu vermeiden, dass den Erzeugnissen mit G\u00fctesiegel g.\u00a0U. und g.\u00a0g.\u00a0A. Sch\u00e4den einschlie\u00dflich am Image zugef\u00fcgt werden, und um zu verhindern, dass der Verbraucher in Bezug auf die wahre Herkunft oder Art der Erzeugnisse in die Irre gef\u00fchrt wird.<\/p>\n","protected":false},"excerpt":{"rendered":"<p>g.U. und g.g.A. Die gesch\u00fctzte Ursprungsbezeichnung (g. U.) und die gesch\u00fctzte geografische Angabe (g. g. A.) stellen Qualit\u00e4tssysteme dar, die auf europ\u00e4ischer Ebene ins Leben gerufen wurden, um den Wert besonderer Agrarerzeugnisse und Lebensmittel anzuerkennen. Mittels der Vergabe der G\u00fctesiegel g.\u00a0U. und g.\u00a0g.\u00a0A. sollen die Namen von Produkten und deren Typizit\u00e4t vor Nachahmungen und Missbrauch [&hellip;]<\/p>\n","protected":false},"author":2,"featured_media":1494,"parent":0,"menu_order":0,"comment_status":"closed","ping_status":"closed","template":"templates\/dop-igp.php","meta":{"_acf_changed":false,"footnotes":""},"class_list":["post-1764","page","type-page","status-publish","has-post-thumbnail","hentry"],"acf":[],"yoast_head":"<!-- This site is optimized with the Yoast SEO plugin v24.8.1 - https:\/\/yoast.com\/wordpress\/plugins\/seo\/ -->\n<title>Salumi Italia - g.U. und g.g.A.<\/title>\n<meta name=\"robots\" content=\"index, follow, max-snippet:-1, max-image-preview:large, max-video-preview:-1\" \/>\n<link rel=\"canonical\" href=\"https:\/\/salumitalia.it\/de\/dop-e-igp\/\" \/>\n<meta property=\"og:locale\" content=\"de_DE\" \/>\n<meta property=\"og:type\" content=\"article\" \/>\n<meta property=\"og:title\" content=\"Salumi Italia - g.U. und g.g.A.\" \/>\n<meta property=\"og:description\" content=\"g.U. und g.g.A. Die gesch\u00fctzte Ursprungsbezeichnung (g. U.) und die gesch\u00fctzte geografische Angabe (g. g. A.) stellen Qualit\u00e4tssysteme dar, die auf europ\u00e4ischer Ebene ins Leben gerufen wurden, um den Wert besonderer Agrarerzeugnisse und Lebensmittel anzuerkennen. Mittels der Vergabe der G\u00fctesiegel g.\u00a0U. und g.\u00a0g.\u00a0A. sollen die Namen von Produkten und deren Typizit\u00e4t vor Nachahmungen und Missbrauch [&hellip;]\" \/>\n<meta property=\"og:url\" content=\"https:\/\/salumitalia.it\/de\/dop-e-igp\/\" \/>\n<meta property=\"og:site_name\" content=\"Salumi Italia\" \/>\n<meta property=\"article:modified_time\" content=\"2020-01-08T15:24:59+00:00\" \/>\n<meta property=\"og:image\" content=\"https:\/\/salumitalia.it\/wp-content\/uploads\/2019\/11\/14_consorzio_prosciutto_modena-002.jpg\" \/>\n\t<meta property=\"og:image:width\" content=\"1068\" \/>\n\t<meta property=\"og:image:height\" content=\"1600\" \/>\n\t<meta property=\"og:image:type\" content=\"image\/jpeg\" \/>\n<meta name=\"twitter:card\" content=\"summary_large_image\" \/>\n<meta name=\"twitter:label1\" content=\"Est. reading time\" \/>\n\t<meta name=\"twitter:data1\" content=\"2 minutes\" \/>\n<script type=\"application\/ld+json\" class=\"yoast-schema-graph\">{\"@context\":\"https:\/\/schema.org\",\"@graph\":[{\"@type\":\"WebPage\",\"@id\":\"https:\/\/salumitalia.it\/de\/dop-e-igp\/\",\"url\":\"https:\/\/salumitalia.it\/de\/dop-e-igp\/\",\"name\":\"Salumi Italia - g.U. und g.g.A.\",\"isPartOf\":{\"@id\":\"https:\/\/salumitalia.it\/#website\"},\"primaryImageOfPage\":{\"@id\":\"https:\/\/salumitalia.it\/de\/dop-e-igp\/#primaryimage\"},\"image\":{\"@id\":\"https:\/\/salumitalia.it\/de\/dop-e-igp\/#primaryimage\"},\"thumbnailUrl\":\"https:\/\/salumitalia.it\/wp-content\/uploads\/2019\/11\/14_consorzio_prosciutto_modena-002.jpg\",\"datePublished\":\"2019-07-05T08:14:51+00:00\",\"dateModified\":\"2020-01-08T15:24:59+00:00\",\"breadcrumb\":{\"@id\":\"https:\/\/salumitalia.it\/de\/dop-e-igp\/#breadcrumb\"},\"inLanguage\":\"de-DE\",\"potentialAction\":[{\"@type\":\"ReadAction\",\"target\":[\"https:\/\/salumitalia.it\/de\/dop-e-igp\/\"]}]},{\"@type\":\"ImageObject\",\"inLanguage\":\"de-DE\",\"@id\":\"https:\/\/salumitalia.it\/de\/dop-e-igp\/#primaryimage\",\"url\":\"https:\/\/salumitalia.it\/wp-content\/uploads\/2019\/11\/14_consorzio_prosciutto_modena-002.jpg\",\"contentUrl\":\"https:\/\/salumitalia.it\/wp-content\/uploads\/2019\/11\/14_consorzio_prosciutto_modena-002.jpg\",\"width\":1068,\"height\":1600},{\"@type\":\"BreadcrumbList\",\"@id\":\"https:\/\/salumitalia.it\/de\/dop-e-igp\/#breadcrumb\",\"itemListElement\":[{\"@type\":\"ListItem\",\"position\":1,\"name\":\"Home\",\"item\":\"https:\/\/salumitalia.it\/de\/\"},{\"@type\":\"ListItem\",\"position\":2,\"name\":\"g.U. und g.g.A.\"}]},{\"@type\":\"WebSite\",\"@id\":\"https:\/\/salumitalia.it\/#website\",\"url\":\"https:\/\/salumitalia.it\/\",\"name\":\"Salumi Italia\",\"description\":\"\",\"potentialAction\":[{\"@type\":\"SearchAction\",\"target\":{\"@type\":\"EntryPoint\",\"urlTemplate\":\"https:\/\/salumitalia.it\/?s={search_term_string}\"},\"query-input\":{\"@type\":\"PropertyValueSpecification\",\"valueRequired\":true,\"valueName\":\"search_term_string\"}}],\"inLanguage\":\"de-DE\"}]}<\/script>\n<!-- \/ Yoast SEO plugin. -->","yoast_head_json":{"title":"Salumi Italia - g.U. und g.g.A.","robots":{"index":"index","follow":"follow","max-snippet":"max-snippet:-1","max-image-preview":"max-image-preview:large","max-video-preview":"max-video-preview:-1"},"canonical":"https:\/\/salumitalia.it\/de\/dop-e-igp\/","og_locale":"de_DE","og_type":"article","og_title":"Salumi Italia - g.U. und g.g.A.","og_description":"g.U. und g.g.A. Die gesch\u00fctzte Ursprungsbezeichnung (g. U.) und die gesch\u00fctzte geografische Angabe (g. g. A.) stellen Qualit\u00e4tssysteme dar, die auf europ\u00e4ischer Ebene ins Leben gerufen wurden, um den Wert besonderer Agrarerzeugnisse und Lebensmittel anzuerkennen. Mittels der Vergabe der G\u00fctesiegel g.\u00a0U. und g.\u00a0g.\u00a0A. sollen die Namen von Produkten und deren Typizit\u00e4t vor Nachahmungen und Missbrauch [&hellip;]","og_url":"https:\/\/salumitalia.it\/de\/dop-e-igp\/","og_site_name":"Salumi Italia","article_modified_time":"2020-01-08T15:24:59+00:00","og_image":[{"width":1068,"height":1600,"url":"https:\/\/salumitalia.it\/wp-content\/uploads\/2019\/11\/14_consorzio_prosciutto_modena-002.jpg","type":"image\/jpeg"}],"twitter_card":"summary_large_image","twitter_misc":{"Est. reading time":"2 minutes"},"schema":{"@context":"https:\/\/schema.org","@graph":[{"@type":"WebPage","@id":"https:\/\/salumitalia.it\/de\/dop-e-igp\/","url":"https:\/\/salumitalia.it\/de\/dop-e-igp\/","name":"Salumi Italia - g.U. und g.g.A.","isPartOf":{"@id":"https:\/\/salumitalia.it\/#website"},"primaryImageOfPage":{"@id":"https:\/\/salumitalia.it\/de\/dop-e-igp\/#primaryimage"},"image":{"@id":"https:\/\/salumitalia.it\/de\/dop-e-igp\/#primaryimage"},"thumbnailUrl":"https:\/\/salumitalia.it\/wp-content\/uploads\/2019\/11\/14_consorzio_prosciutto_modena-002.jpg","datePublished":"2019-07-05T08:14:51+00:00","dateModified":"2020-01-08T15:24:59+00:00","breadcrumb":{"@id":"https:\/\/salumitalia.it\/de\/dop-e-igp\/#breadcrumb"},"inLanguage":"de-DE","potentialAction":[{"@type":"ReadAction","target":["https:\/\/salumitalia.it\/de\/dop-e-igp\/"]}]},{"@type":"ImageObject","inLanguage":"de-DE","@id":"https:\/\/salumitalia.it\/de\/dop-e-igp\/#primaryimage","url":"https:\/\/salumitalia.it\/wp-content\/uploads\/2019\/11\/14_consorzio_prosciutto_modena-002.jpg","contentUrl":"https:\/\/salumitalia.it\/wp-content\/uploads\/2019\/11\/14_consorzio_prosciutto_modena-002.jpg","width":1068,"height":1600},{"@type":"BreadcrumbList","@id":"https:\/\/salumitalia.it\/de\/dop-e-igp\/#breadcrumb","itemListElement":[{"@type":"ListItem","position":1,"name":"Home","item":"https:\/\/salumitalia.it\/de\/"},{"@type":"ListItem","position":2,"name":"g.U. und g.g.A."}]},{"@type":"WebSite","@id":"https:\/\/salumitalia.it\/#website","url":"https:\/\/salumitalia.it\/","name":"Salumi Italia","description":"","potentialAction":[{"@type":"SearchAction","target":{"@type":"EntryPoint","urlTemplate":"https:\/\/salumitalia.it\/?s={search_term_string}"},"query-input":{"@type":"PropertyValueSpecification","valueRequired":true,"valueName":"search_term_string"}}],"inLanguage":"de-DE"}]}},"_links":{"self":[{"href":"https:\/\/salumitalia.it\/de\/wp-json\/wp\/v2\/pages\/1764","targetHints":{"allow":["GET"]}}],"collection":[{"href":"https:\/\/salumitalia.it\/de\/wp-json\/wp\/v2\/pages"}],"about":[{"href":"https:\/\/salumitalia.it\/de\/wp-json\/wp\/v2\/types\/page"}],"author":[{"embeddable":true,"href":"https:\/\/salumitalia.it\/de\/wp-json\/wp\/v2\/users\/2"}],"replies":[{"embeddable":true,"href":"https:\/\/salumitalia.it\/de\/wp-json\/wp\/v2\/comments?post=1764"}],"version-history":[{"count":5,"href":"https:\/\/salumitalia.it\/de\/wp-json\/wp\/v2\/pages\/1764\/revisions"}],"predecessor-version":[{"id":2132,"href":"https:\/\/salumitalia.it\/de\/wp-json\/wp\/v2\/pages\/1764\/revisions\/2132"}],"wp:featuredmedia":[{"embeddable":true,"href":"https:\/\/salumitalia.it\/de\/wp-json\/wp\/v2\/media\/1494"}],"wp:attachment":[{"href":"https:\/\/salumitalia.it\/de\/wp-json\/wp\/v2\/media?parent=1764"}],"curies":[{"name":"wp","href":"https:\/\/api.w.org\/{rel}","templated":true}]}}