{"id":1761,"date":"2019-07-04T15:22:46","date_gmt":"2019-07-04T13:22:46","guid":{"rendered":"http:\/\/isitsalumi.flywheelsites.com\/chi-siamo\/"},"modified":"2020-02-10T12:18:26","modified_gmt":"2020-02-10T11:18:26","slug":"uber-uns","status":"publish","type":"page","link":"https:\/\/salumitalia.it\/de\/uber-uns\/","title":{"rendered":"\u00dcber uns"},"content":{"rendered":"<h2>\u00dcber uns<\/h2>\n<p class=\"big\">ISIT (Istituto Salumi Italiani Tutelati) ist der Referenzverband der Konsortien zum Schutz von Wurst- und Schinkenwaren mit den G\u00fctesiegeln g. U. und g. g. A.<\/p>\n<p>Das auf geographischen Angaben beruhende Qualit\u00e4tssystem wurde in Europa zur Anerkennung und Zertifizierung des Wertes besonderer Lebensmittel ins Leben gerufen. Die G\u00fctesiegel g. U. und g. g. A. tragen zum Schutz der gastronomischen und kulturellen Traditionen der Regionen bei und garantieren dem Verbraucher eine zertifizierte Qualit\u00e4t.<\/p>\n<p>ISIT wurde 1999 gegr\u00fcndet und z\u00e4hlt heute 16 Konsortien zum Schutz von 22 Wurst- und Schinkenwaren mit den G\u00fctesiegeln g. U. und g. g. A. Der Verband gilt als wesentlicher Repr\u00e4sentant gesch\u00fctzter Wurst- und Schinkenwaren. Italien besitzt die h\u00f6chste Anzahl an Lebensmitteln mit den G\u00fctesiegeln g. U. und g. g. A. Betrachtet man von diesen nur die Wurstwaren, stammt ein Viertel davon aus Italien. Aufgabe von ISIT ist demnach der Schutz, die F\u00f6rderung, die Valorisierung und allgemein die Interessensvertretung der gesch\u00fctzten italienischen Wurst- und Schinkenwaren. ISIT ist eine Non-Profit-Organisation, deren Leitungsorgane aus einer Versammlung, einem Ausschuss, einem Pr\u00e4sidenten und einem Aufsichtsrat bestehen.<\/p>\n<p>Der Ausschuss besitzt eine stark industrielle und unternehmerische Komponente, da er sich haupts\u00e4chlich aus den Pr\u00e4sidenten der jeweiligen Konsortien zusammensetzt, also aus von den Herstellern demokratisch gew\u00e4hlten Vertretern. ISIT ist demnach ein Sprachrohr f\u00fcr die Unternehmer, d.h. ein Sprachrohr jener, die in die Region investieren und direkt dazu beitragen, Produkte made in Italy auf die italienischen und ausl\u00e4ndischen M\u00e4rkte zu bringen.<\/p>\n","protected":false},"excerpt":{"rendered":"<p>\u00dcber uns ISIT (Istituto Salumi Italiani Tutelati) ist der Referenzverband der Konsortien zum Schutz von Wurst- und Schinkenwaren mit den G\u00fctesiegeln g. U. und g. g. A. Das auf geographischen Angaben beruhende Qualit\u00e4tssystem wurde in Europa zur Anerkennung und Zertifizierung des Wertes besonderer Lebensmittel ins Leben gerufen. Die G\u00fctesiegel g. U. und g. g. A. [&hellip;]<\/p>\n","protected":false},"author":2,"featured_media":7238,"parent":0,"menu_order":0,"comment_status":"closed","ping_status":"closed","template":"templates\/about.php","meta":{"_acf_changed":false,"footnotes":""},"class_list":["post-1761","page","type-page","status-publish","has-post-thumbnail","hentry"],"acf":[],"yoast_head":"<!-- This site is optimized with the Yoast SEO plugin v24.8.1 - https:\/\/yoast.com\/wordpress\/plugins\/seo\/ -->\n<title>Salumi Italia - \u00dcber uns<\/title>\n<meta name=\"robots\" content=\"index, follow, max-snippet:-1, max-image-preview:large, max-video-preview:-1\" \/>\n<link rel=\"canonical\" href=\"https:\/\/salumitalia.it\/de\/uber-uns\/\" \/>\n<meta property=\"og:locale\" content=\"de_DE\" \/>\n<meta property=\"og:type\" content=\"article\" \/>\n<meta property=\"og:title\" content=\"Salumi Italia - \u00dcber uns\" \/>\n<meta property=\"og:description\" content=\"\u00dcber uns ISIT (Istituto Salumi Italiani Tutelati) ist der Referenzverband der Konsortien zum Schutz von Wurst- und Schinkenwaren mit den G\u00fctesiegeln g. U. und g. g. A. Das auf geographischen Angaben beruhende Qualit\u00e4tssystem wurde in Europa zur Anerkennung und Zertifizierung des Wertes besonderer Lebensmittel ins Leben gerufen. Die G\u00fctesiegel g. U. und g. g. A. [&hellip;]\" \/>\n<meta property=\"og:url\" content=\"https:\/\/salumitalia.it\/de\/uber-uns\/\" \/>\n<meta property=\"og:site_name\" content=\"Salumi Italia\" \/>\n<meta property=\"article:modified_time\" content=\"2020-02-10T11:18:26+00:00\" \/>\n<meta property=\"og:image\" content=\"https:\/\/salumitalia.it\/wp-content\/uploads\/2020\/04\/visual_B-1024x724.png\" \/>\n\t<meta property=\"og:image:width\" content=\"1024\" \/>\n\t<meta property=\"og:image:height\" content=\"724\" \/>\n\t<meta property=\"og:image:type\" content=\"image\/png\" \/>\n<meta name=\"twitter:card\" content=\"summary_large_image\" \/>\n<meta name=\"twitter:label1\" content=\"Est. reading time\" \/>\n\t<meta name=\"twitter:data1\" content=\"1 minute\" \/>\n<script type=\"application\/ld+json\" class=\"yoast-schema-graph\">{\"@context\":\"https:\/\/schema.org\",\"@graph\":[{\"@type\":\"WebPage\",\"@id\":\"https:\/\/salumitalia.it\/de\/uber-uns\/\",\"url\":\"https:\/\/salumitalia.it\/de\/uber-uns\/\",\"name\":\"Salumi Italia - \u00dcber uns\",\"isPartOf\":{\"@id\":\"https:\/\/salumitalia.it\/#website\"},\"primaryImageOfPage\":{\"@id\":\"https:\/\/salumitalia.it\/de\/uber-uns\/#primaryimage\"},\"image\":{\"@id\":\"https:\/\/salumitalia.it\/de\/uber-uns\/#primaryimage\"},\"thumbnailUrl\":\"https:\/\/salumitalia.it\/wp-content\/uploads\/2026\/01\/Senza-titolo-2.jpg\",\"datePublished\":\"2019-07-04T13:22:46+00:00\",\"dateModified\":\"2020-02-10T11:18:26+00:00\",\"breadcrumb\":{\"@id\":\"https:\/\/salumitalia.it\/de\/uber-uns\/#breadcrumb\"},\"inLanguage\":\"de-DE\",\"potentialAction\":[{\"@type\":\"ReadAction\",\"target\":[\"https:\/\/salumitalia.it\/de\/uber-uns\/\"]}]},{\"@type\":\"ImageObject\",\"inLanguage\":\"de-DE\",\"@id\":\"https:\/\/salumitalia.it\/de\/uber-uns\/#primaryimage\",\"url\":\"https:\/\/salumitalia.it\/wp-content\/uploads\/2026\/01\/Senza-titolo-2.jpg\",\"contentUrl\":\"https:\/\/salumitalia.it\/wp-content\/uploads\/2026\/01\/Senza-titolo-2.jpg\",\"width\":1181,\"height\":1480},{\"@type\":\"BreadcrumbList\",\"@id\":\"https:\/\/salumitalia.it\/de\/uber-uns\/#breadcrumb\",\"itemListElement\":[{\"@type\":\"ListItem\",\"position\":1,\"name\":\"Home\",\"item\":\"https:\/\/salumitalia.it\/de\/\"},{\"@type\":\"ListItem\",\"position\":2,\"name\":\"\u00dcber uns\"}]},{\"@type\":\"WebSite\",\"@id\":\"https:\/\/salumitalia.it\/#website\",\"url\":\"https:\/\/salumitalia.it\/\",\"name\":\"Salumi Italia\",\"description\":\"\",\"potentialAction\":[{\"@type\":\"SearchAction\",\"target\":{\"@type\":\"EntryPoint\",\"urlTemplate\":\"https:\/\/salumitalia.it\/?s={search_term_string}\"},\"query-input\":{\"@type\":\"PropertyValueSpecification\",\"valueRequired\":true,\"valueName\":\"search_term_string\"}}],\"inLanguage\":\"de-DE\"}]}<\/script>\n<!-- \/ Yoast SEO plugin. -->","yoast_head_json":{"title":"Salumi Italia - \u00dcber uns","robots":{"index":"index","follow":"follow","max-snippet":"max-snippet:-1","max-image-preview":"max-image-preview:large","max-video-preview":"max-video-preview:-1"},"canonical":"https:\/\/salumitalia.it\/de\/uber-uns\/","og_locale":"de_DE","og_type":"article","og_title":"Salumi Italia - \u00dcber uns","og_description":"\u00dcber uns ISIT (Istituto Salumi Italiani Tutelati) ist der Referenzverband der Konsortien zum Schutz von Wurst- und Schinkenwaren mit den G\u00fctesiegeln g. U. und g. g. A. Das auf geographischen Angaben beruhende Qualit\u00e4tssystem wurde in Europa zur Anerkennung und Zertifizierung des Wertes besonderer Lebensmittel ins Leben gerufen. Die G\u00fctesiegel g. U. und g. g. A. [&hellip;]","og_url":"https:\/\/salumitalia.it\/de\/uber-uns\/","og_site_name":"Salumi Italia","article_modified_time":"2020-02-10T11:18:26+00:00","og_image":[{"width":1024,"height":724,"url":"https:\/\/salumitalia.it\/wp-content\/uploads\/2020\/04\/visual_B-1024x724.png","type":"image\/png"}],"twitter_card":"summary_large_image","twitter_misc":{"Est. reading time":"1 minute"},"schema":{"@context":"https:\/\/schema.org","@graph":[{"@type":"WebPage","@id":"https:\/\/salumitalia.it\/de\/uber-uns\/","url":"https:\/\/salumitalia.it\/de\/uber-uns\/","name":"Salumi Italia - \u00dcber uns","isPartOf":{"@id":"https:\/\/salumitalia.it\/#website"},"primaryImageOfPage":{"@id":"https:\/\/salumitalia.it\/de\/uber-uns\/#primaryimage"},"image":{"@id":"https:\/\/salumitalia.it\/de\/uber-uns\/#primaryimage"},"thumbnailUrl":"https:\/\/salumitalia.it\/wp-content\/uploads\/2026\/01\/Senza-titolo-2.jpg","datePublished":"2019-07-04T13:22:46+00:00","dateModified":"2020-02-10T11:18:26+00:00","breadcrumb":{"@id":"https:\/\/salumitalia.it\/de\/uber-uns\/#breadcrumb"},"inLanguage":"de-DE","potentialAction":[{"@type":"ReadAction","target":["https:\/\/salumitalia.it\/de\/uber-uns\/"]}]},{"@type":"ImageObject","inLanguage":"de-DE","@id":"https:\/\/salumitalia.it\/de\/uber-uns\/#primaryimage","url":"https:\/\/salumitalia.it\/wp-content\/uploads\/2026\/01\/Senza-titolo-2.jpg","contentUrl":"https:\/\/salumitalia.it\/wp-content\/uploads\/2026\/01\/Senza-titolo-2.jpg","width":1181,"height":1480},{"@type":"BreadcrumbList","@id":"https:\/\/salumitalia.it\/de\/uber-uns\/#breadcrumb","itemListElement":[{"@type":"ListItem","position":1,"name":"Home","item":"https:\/\/salumitalia.it\/de\/"},{"@type":"ListItem","position":2,"name":"\u00dcber uns"}]},{"@type":"WebSite","@id":"https:\/\/salumitalia.it\/#website","url":"https:\/\/salumitalia.it\/","name":"Salumi Italia","description":"","potentialAction":[{"@type":"SearchAction","target":{"@type":"EntryPoint","urlTemplate":"https:\/\/salumitalia.it\/?s={search_term_string}"},"query-input":{"@type":"PropertyValueSpecification","valueRequired":true,"valueName":"search_term_string"}}],"inLanguage":"de-DE"}]}},"_links":{"self":[{"href":"https:\/\/salumitalia.it\/de\/wp-json\/wp\/v2\/pages\/1761","targetHints":{"allow":["GET"]}}],"collection":[{"href":"https:\/\/salumitalia.it\/de\/wp-json\/wp\/v2\/pages"}],"about":[{"href":"https:\/\/salumitalia.it\/de\/wp-json\/wp\/v2\/types\/page"}],"author":[{"embeddable":true,"href":"https:\/\/salumitalia.it\/de\/wp-json\/wp\/v2\/users\/2"}],"replies":[{"embeddable":true,"href":"https:\/\/salumitalia.it\/de\/wp-json\/wp\/v2\/comments?post=1761"}],"version-history":[{"count":2,"href":"https:\/\/salumitalia.it\/de\/wp-json\/wp\/v2\/pages\/1761\/revisions"}],"predecessor-version":[{"id":2143,"href":"https:\/\/salumitalia.it\/de\/wp-json\/wp\/v2\/pages\/1761\/revisions\/2143"}],"wp:featuredmedia":[{"embeddable":true,"href":"https:\/\/salumitalia.it\/de\/wp-json\/wp\/v2\/media\/7238"}],"wp:attachment":[{"href":"https:\/\/salumitalia.it\/de\/wp-json\/wp\/v2\/media?parent=1761"}],"curies":[{"name":"wp","href":"https:\/\/api.w.org\/{rel}","templated":true}]}}